{"id":1924,"date":"2018-11-17T20:44:38","date_gmt":"2018-11-17T20:44:38","guid":{"rendered":"https:\/\/tangomar.proyectoscoralcr.com\/sostenibilidad\/"},"modified":"2025-04-30T20:20:40","modified_gmt":"2025-04-30T20:20:40","slug":"sostenibilidad","status":"publish","type":"page","link":"https:\/\/tangomar.proyectoscoralcr.com\/es\/sostenibilidad\/","title":{"rendered":"Sostenibilidad"},"content":{"rendered":"<p>[vc_row][vc_column][vc_custom_heading text=&#8221;SOSTENIBILIDAD&#8221; link=&#8221;url:https%3A%2F%2Ftangomar.proyectoscoralcr.com%2Fwp-content%2Fuploads%2F2018%2F11%2FManualTurismoSostenible.pdf|title:Manual%20Turismo%20Sostenibilidad%20de%20Tango%20Mar|&#8221;][vc_column_text]El Hotel Tango Mar ofrece su servicio dentro de un concepto de alta calidad de hospedaje, restaurantes y eventos logrado bajo un sistema operativo de alta eficiencia que responde a pol\u00edticas, reglamentos y acciones sostenibles rigurosamente controladas. Esto implica que utilizamos nuestros recursos de una forma productiva, eficiente y responsable en procura de cumplir los objetivos de excelencia en la atenci\u00f3n de nuestros clientes, pero a la vez, preocup\u00e1ndonos por contaminar menos, usar el agua y la energ\u00eda de manera \u00f3ptima, dar un manejo adecuado a los residuos s\u00f3lidos, entre otros. Todo esto lo garantizamos brindando capacitaciones peri\u00f3dicas a nuestros colaboradores, proveedores y pobladores, pero adem\u00e1s, apoyando a nuestra comunidad, mediante la realizaci\u00f3n de actividades con enfoque social, entre los que podemos destacar nuestro constante padrinazgo a la Escuela de La Abuela, nuestro liderazgo en los programas de conservaci\u00f3n de Playa Quizales involucrando a los estudiantes y vecinos y nuestra participaci\u00f3n de voluntariado en los programas de protecci\u00f3n de tortugas en \u00e9pocas de desove.[\/vc_column_text][\/vc_column][\/vc_row][vc_row][vc_column][vc_column_text]<a href=\"https:\/\/tangomar.proyectoscoralcr.com\/wp-content\/uploads\/2018\/11\/ManualTurismoSostenible.pdf\"><b>Manual Turismo Sostenible<\/b><\/a><\/p>\n<p>[\/vc_column_text][\/vc_column][\/vc_row][vc_row][vc_column width=&#8221;1\/3&#8243;][vc_single_image image=&#8221;1918&#8243; img_size=&#8221;full&#8221; alignment=&#8221;center&#8221; onclick=&#8221;custom_link&#8221; img_link_target=&#8221;_blank&#8221; link=&#8221;https:\/\/www.ict.go.cr\/es\/sostenibilidad\/codigo-de-conducta.html&#8221;][\/vc_column][vc_column width=&#8221;1\/3&#8243;][\/vc_column][\/vc_row]<\/p>\n","protected":false},"excerpt":{"rendered":"<p>[vc_row][vc_column][vc_custom_heading text=&#8221;SOSTENIBILIDAD&#8221; link=&#8221;url:https%3A%2F%2Ftangomar.proyectoscoralcr.com%2Fwp-content%2Fuploads%2F2018%2F11%2FManualTurismoSostenible.pdf|title:Manual%20Turismo%20Sostenibilidad%20de%20Tango%20Mar|&#8221;][vc_column_text]El Hotel Tango Mar ofrece su servicio dentro de un concepto de alta calidad de hospedaje, restaurantes y eventos logrado bajo un sistema operativo de alta eficiencia que responde a pol\u00edticas, reglamentos y acciones sostenibles rigurosamente controladas. Esto implica que utilizamos nuestros recursos de una forma productiva, eficiente y responsable en procura de<\/p>\n<a href=\"https:\/\/tangomar.proyectoscoralcr.com\/es\/sostenibilidad\/\" class=\"more-link\">Read More<\/a>","protected":false},"author":5,"featured_media":0,"parent":0,"menu_order":0,"comment_status":"closed","ping_status":"closed","template":"","meta":{"_monsterinsights_skip_tracking":false,"_monsterinsights_sitenote_active":false,"_monsterinsights_sitenote_note":"","_monsterinsights_sitenote_category":0,"footnotes":""},"class_list":["post-1924","page","type-page","status-publish","hentry"],"yoast_head":"<!-- This site is optimized with the Yoast SEO plugin v27.4 - https:\/\/yoast.com\/product\/yoast-seo-wordpress\/ -->\n<title>Sostenibilidad - Tango Mar<\/title>\n<meta name=\"robots\" content=\"index, follow, max-snippet:-1, max-image-preview:large, max-video-preview:-1\" \/>\n<link rel=\"canonical\" href=\"https:\/\/tangomar.proyectoscoralcr.com\/es\/sostenibilidad\/\" \/>\n<meta property=\"og:locale\" content=\"es_ES\" \/>\n<meta property=\"og:type\" content=\"article\" \/>\n<meta property=\"og:title\" content=\"Sostenibilidad - Tango Mar\" \/>\n<meta property=\"og:description\" content=\"[vc_row][vc_column][vc_custom_heading text=&#8221;SOSTENIBILIDAD&#8221; link=&#8221;url:https%3A%2F%2Ftangomar.proyectoscoralcr.com%2Fwp-content%2Fuploads%2F2018%2F11%2FManualTurismoSostenible.pdf|title:Manual%20Turismo%20Sostenibilidad%20de%20Tango%20Mar|&#8221;][vc_column_text]El Hotel Tango Mar ofrece su servicio dentro de un concepto de alta calidad de hospedaje, restaurantes y eventos logrado bajo un sistema operativo de alta eficiencia que responde a pol\u00edticas, reglamentos y acciones sostenibles rigurosamente controladas. Esto implica que utilizamos nuestros recursos de una forma productiva, eficiente y responsable en procura de\" \/>\n<meta property=\"og:url\" content=\"https:\/\/tangomar.proyectoscoralcr.com\/es\/sostenibilidad\/\" \/>\n<meta property=\"og:site_name\" content=\"Tango Mar\" \/>\n<meta property=\"article:publisher\" content=\"https:\/\/www.facebook.com\/TangoMar\/\" \/>\n<meta property=\"article:modified_time\" content=\"2025-04-30T20:20:40+00:00\" \/>\n<meta name=\"twitter:card\" content=\"summary_large_image\" \/>\n<meta name=\"twitter:label1\" content=\"Tiempo de lectura\" \/>\n\t<meta name=\"twitter:data1\" content=\"1 minuto\" \/>\n<script type=\"application\/ld+json\" class=\"yoast-schema-graph\">{\"@context\":\"https:\\\/\\\/schema.org\",\"@graph\":[{\"@type\":\"WebPage\",\"@id\":\"https:\\\/\\\/tangomar.proyectoscoralcr.com\\\/es\\\/sostenibilidad\\\/\",\"url\":\"https:\\\/\\\/tangomar.proyectoscoralcr.com\\\/es\\\/sostenibilidad\\\/\",\"name\":\"Sostenibilidad - Tango Mar\",\"isPartOf\":{\"@id\":\"https:\\\/\\\/tangomar.proyectoscoralcr.com\\\/#website\"},\"datePublished\":\"2018-11-17T20:44:38+00:00\",\"dateModified\":\"2025-04-30T20:20:40+00:00\",\"breadcrumb\":{\"@id\":\"https:\\\/\\\/tangomar.proyectoscoralcr.com\\\/es\\\/sostenibilidad\\\/#breadcrumb\"},\"inLanguage\":\"es\",\"potentialAction\":[{\"@type\":\"ReadAction\",\"target\":[\"https:\\\/\\\/tangomar.proyectoscoralcr.com\\\/es\\\/sostenibilidad\\\/\"]}]},{\"@type\":\"BreadcrumbList\",\"@id\":\"https:\\\/\\\/tangomar.proyectoscoralcr.com\\\/es\\\/sostenibilidad\\\/#breadcrumb\",\"itemListElement\":[{\"@type\":\"ListItem\",\"position\":1,\"name\":\"Home\",\"item\":\"https:\\\/\\\/tangomar.proyectoscoralcr.com\\\/es\\\/\"},{\"@type\":\"ListItem\",\"position\":2,\"name\":\"Sostenibilidad\"}]},{\"@type\":\"WebSite\",\"@id\":\"https:\\\/\\\/tangomar.proyectoscoralcr.com\\\/#website\",\"url\":\"https:\\\/\\\/tangomar.proyectoscoralcr.com\\\/\",\"name\":\"Tango Mar\",\"description\":\"Beach Front Resort, Costa Rica\",\"potentialAction\":[{\"@type\":\"SearchAction\",\"target\":{\"@type\":\"EntryPoint\",\"urlTemplate\":\"https:\\\/\\\/tangomar.proyectoscoralcr.com\\\/?s={search_term_string}\"},\"query-input\":{\"@type\":\"PropertyValueSpecification\",\"valueRequired\":true,\"valueName\":\"search_term_string\"}}],\"inLanguage\":\"es\"}]}<\/script>\n<!-- \/ Yoast SEO plugin. -->","yoast_head_json":{"title":"Sostenibilidad - Tango Mar","robots":{"index":"index","follow":"follow","max-snippet":"max-snippet:-1","max-image-preview":"max-image-preview:large","max-video-preview":"max-video-preview:-1"},"canonical":"https:\/\/tangomar.proyectoscoralcr.com\/es\/sostenibilidad\/","og_locale":"es_ES","og_type":"article","og_title":"Sostenibilidad - Tango Mar","og_description":"[vc_row][vc_column][vc_custom_heading text=&#8221;SOSTENIBILIDAD&#8221; link=&#8221;url:https%3A%2F%2Ftangomar.proyectoscoralcr.com%2Fwp-content%2Fuploads%2F2018%2F11%2FManualTurismoSostenible.pdf|title:Manual%20Turismo%20Sostenibilidad%20de%20Tango%20Mar|&#8221;][vc_column_text]El Hotel Tango Mar ofrece su servicio dentro de un concepto de alta calidad de hospedaje, restaurantes y eventos logrado bajo un sistema operativo de alta eficiencia que responde a pol\u00edticas, reglamentos y acciones sostenibles rigurosamente controladas. Esto implica que utilizamos nuestros recursos de una forma productiva, eficiente y responsable en procura de","og_url":"https:\/\/tangomar.proyectoscoralcr.com\/es\/sostenibilidad\/","og_site_name":"Tango Mar","article_publisher":"https:\/\/www.facebook.com\/TangoMar\/","article_modified_time":"2025-04-30T20:20:40+00:00","twitter_card":"summary_large_image","twitter_misc":{"Tiempo de lectura":"1 minuto"},"schema":{"@context":"https:\/\/schema.org","@graph":[{"@type":"WebPage","@id":"https:\/\/tangomar.proyectoscoralcr.com\/es\/sostenibilidad\/","url":"https:\/\/tangomar.proyectoscoralcr.com\/es\/sostenibilidad\/","name":"Sostenibilidad - Tango Mar","isPartOf":{"@id":"https:\/\/tangomar.proyectoscoralcr.com\/#website"},"datePublished":"2018-11-17T20:44:38+00:00","dateModified":"2025-04-30T20:20:40+00:00","breadcrumb":{"@id":"https:\/\/tangomar.proyectoscoralcr.com\/es\/sostenibilidad\/#breadcrumb"},"inLanguage":"es","potentialAction":[{"@type":"ReadAction","target":["https:\/\/tangomar.proyectoscoralcr.com\/es\/sostenibilidad\/"]}]},{"@type":"BreadcrumbList","@id":"https:\/\/tangomar.proyectoscoralcr.com\/es\/sostenibilidad\/#breadcrumb","itemListElement":[{"@type":"ListItem","position":1,"name":"Home","item":"https:\/\/tangomar.proyectoscoralcr.com\/es\/"},{"@type":"ListItem","position":2,"name":"Sostenibilidad"}]},{"@type":"WebSite","@id":"https:\/\/tangomar.proyectoscoralcr.com\/#website","url":"https:\/\/tangomar.proyectoscoralcr.com\/","name":"Tango Mar","description":"Beach Front Resort, Costa Rica","potentialAction":[{"@type":"SearchAction","target":{"@type":"EntryPoint","urlTemplate":"https:\/\/tangomar.proyectoscoralcr.com\/?s={search_term_string}"},"query-input":{"@type":"PropertyValueSpecification","valueRequired":true,"valueName":"search_term_string"}}],"inLanguage":"es"}]}},"_links":{"self":[{"href":"https:\/\/tangomar.proyectoscoralcr.com\/es\/wp-json\/wp\/v2\/pages\/1924","targetHints":{"allow":["GET"]}}],"collection":[{"href":"https:\/\/tangomar.proyectoscoralcr.com\/es\/wp-json\/wp\/v2\/pages"}],"about":[{"href":"https:\/\/tangomar.proyectoscoralcr.com\/es\/wp-json\/wp\/v2\/types\/page"}],"author":[{"embeddable":true,"href":"https:\/\/tangomar.proyectoscoralcr.com\/es\/wp-json\/wp\/v2\/users\/5"}],"replies":[{"embeddable":true,"href":"https:\/\/tangomar.proyectoscoralcr.com\/es\/wp-json\/wp\/v2\/comments?post=1924"}],"version-history":[{"count":11,"href":"https:\/\/tangomar.proyectoscoralcr.com\/es\/wp-json\/wp\/v2\/pages\/1924\/revisions"}],"predecessor-version":[{"id":4782,"href":"https:\/\/tangomar.proyectoscoralcr.com\/es\/wp-json\/wp\/v2\/pages\/1924\/revisions\/4782"}],"wp:attachment":[{"href":"https:\/\/tangomar.proyectoscoralcr.com\/es\/wp-json\/wp\/v2\/media?parent=1924"}],"curies":[{"name":"wp","href":"https:\/\/api.w.org\/{rel}","templated":true}]}}