{"id":1602,"date":"2018-11-10T01:38:15","date_gmt":"2018-11-10T01:38:15","guid":{"rendered":"https:\/\/tangomar.proyectoscoralcr.com\/zona-azul\/"},"modified":"2019-12-04T17:23:29","modified_gmt":"2019-12-04T17:23:29","slug":"zona-azul","status":"publish","type":"page","link":"https:\/\/tangomar.proyectoscoralcr.com\/es\/zona-azul\/","title":{"rendered":"Zona Azul"},"content":{"rendered":"<p>[vc_row type=&#8221;full_width_section&#8221; bg_image=&#8221;1115&#8243;][vc_column][vc_empty_space height=&#8221;600&#8243;][\/vc_column][\/vc_row][vc_row][vc_column width=&#8221;1\/2&#8243;][vc_empty_space][vc_column_text]<\/p>\n<h1>ZONA AZUL<\/h1>\n<p>Pruebe la Zona Azul: Experimente una vida saludable al m\u00e1ximo<\/p>\n<p>Art\u00edculo por Debbie Nicholson<\/p>\n<p>&nbsp;<\/p>\n<p>Aprenda los Secretos de vida de las personas oriundas de las zonas azules<\/p>\n<p>&nbsp;<\/p>\n<p>El periodista Dan Buettner y National Geographic revelaron las afirmaciones de personas que f\u00e1cilmente viven a tener 90 a\u00f1os o m\u00e1s.<\/p>\n<p>Los lugares donde las personas logran esta longevidad sin el uso de medicamentos contaminando sus cuerpos se llaman \u201czonas azules\u201d. Varias leyendas han sido creadas basadas en los secretos de longevidad de estas \u00e1reas.<\/p>\n<p>Los habitantes de las zonas azules parecen tener una receta especial de vida.<\/p>\n<p>\u00bfDescubrieron alg\u00fan secreto escondido por largo tiempo entre antiguos textos del pasado? \u00bfO fue un tipo de descubrimiento cient\u00edfico que mantuvieron en silencio por a\u00f1os, solo para ser transmitido a futuras generaciones?<\/p>\n<p>El periodista Dan Buettner, cooperando con National Geographic y un grupo de expertos en longevidad se han dado la tarea de encontrar las verdades escondidas de las zonas azules.<\/p>\n<p>Han identificado cinco zonas azules en el mundo:<\/p>\n<p>&nbsp;<\/p>\n<h3>En Italia, la Isla de Sardinia<\/h3>\n<h3>En Jap\u00f3n, la Isla de Okinawa<\/h3>\n<h3>En California, la ciudad de Loma Linda<\/h3>\n<h3>En Costa Rica, la Pen\u00ednsula de Nicoya<\/h3>\n<h3>En Grecia, la Isla de Icaria<\/h3>\n<p>&nbsp;<\/p>\n<p>Un vistazo a la Zona Azul de Costa Rica<\/p>\n<p>La Pen\u00ednsula de Nicoya est\u00e1 ubicada en un bosque lluvioso.<\/p>\n<p>Algunos datos de esta \u00e1rea: El agua aqu\u00ed es muy dura, sin embargo, contiene mucho calcio y magnesio, lo que fortalece los huesos.<\/p>\n<p>Beber agua es un hecho fundamental de la vida.<\/p>\n<p>En la Pen\u00ednsula de Nicoya, no tienen asilos para las personas mayores: se quedan en casa con sus familias, debido a la importancia de los v\u00ednculos familiares.<\/p>\n<p>En esta zona, las personas simplemente salen a sus jardines, toman una fruta del \u00e1rbol y se la comen (algo que no podemos hacer en ciertas zonas.)<\/p>\n<p>Muchas personas tienen \u00e1rboles frutales en sus jardines. Muelen el ma\u00edz a mano usando piedras, no hay procesadores de alimento aqu\u00ed. Estos son ejercicios naturales.<\/p>\n<p>Nos hemos vuelto tan perezosos, al punto de que no recuerdo la \u00faltima vez que alguien que conozca us\u00f3 un aparato para cernir harina a mano, simplemente es m\u00e1s f\u00e1cil ir a la tienda y comprarla ya lista. Las personas de esta zona comen un desayuno abundante, y luego peque\u00f1as comidas durante el d\u00eda.<\/p>\n<p>Los secretos m\u00e1s grandes de esta larga vida saludable han sido descubiertos<\/p>\n<p>Los grandes secretos que hacen posible estos largos a\u00f1os con salud son los siguientes:<\/p>\n<p>La familia es primero<\/p>\n<p>No fumar, o por lo menos la gran mayor\u00eda no fuma.<\/p>\n<p>El alimento viene de las plantas: se consume muy poca carne.<\/p>\n<p>Mantenerse f\u00edsicamente activo es indispensable.<\/p>\n<p>Hay un alto consume de legumbres y nueces, incluyendo nacidos, lentejas, soya y man\u00ed.<\/p>\n<p>[\/vc_column_text][\/vc_column][vc_column width=&#8221;1\/2&#8243;][vc_empty_space][vc_column_text]B\u00e1sicamente su estilo de vida es: dieta saludable, ejercicio, bajo estr\u00e9s, familya y religion. Su lema es: Vive tu vida plenamente.<\/p>\n<p>&nbsp;<\/p>\n<p>Dieta Saludable<\/p>\n<p>De acuerdo a las personas que viven en las zonas azules, una dieta saludable definitivamente no consiste en comidas altas en grasa y az\u00facar y mucho menos un Big Mac en McDonald\u2019s.<\/p>\n<p>&nbsp;<\/p>\n<p>Su dieta consiste en muchas verduras, pescado, fruta y nueces. El consumo de az\u00facar, grasa, alimentos procesados y carne es reducido. Sin embargo, muchos de nosotros consumimos estas comidas en grandes cantidades.<\/p>\n<p>No hay grandes secretos diet\u00e9ticos: ellos por naturaleza y h\u00e1bito le dan a su cuerpo comida saludable. No nos debe sorprender el hecho de que tienen muy pocas enfermedades importantes, si acaso alguna.<\/p>\n<p>Estudios sobre el c\u00e1ncer, diabetes y enfermedades del coraz\u00f3n han demostrado que el componente m\u00e1s importante en cualquier tratamiento, ya sea convencional o alternativo es una dieta saludable, que se ha comprobado frena estas serias enfermedades.<\/p>\n<p>No es gran sorpresa que las personas en las zonas azules alcanzan vidas de 90 a\u00f1os o m\u00e1s y son mucho m\u00e1s saludables que otras personas alrededor del mundo.<\/p>\n<p>&nbsp;<\/p>\n<p>Ejercicio<\/p>\n<p>Las personas en las zonas azules no tienen una caminadora o una membres\u00eda al gimnasio de la comunidad. Para ellos, esos tipos de equipos de ejercicio ser\u00edan poco naturales. Su ejercicio proviene de una rutina diaria.<\/p>\n<p>Las actividades que realizan diariamente, como caminatas largas, escalar monta\u00f1as y cultivar las tierras en las que viven, representan excelente ejercicio f\u00edsico. No corren ni practican \u201cpower yoga\u201d.<\/p>\n<p>Realizan tareas diarias en las que est\u00e1n quemando calor\u00edas y proveen buena circulaci\u00f3n. Est\u00e1n en buena forma f\u00edsica y los medicamente simplemente no son necesarios.<\/p>\n<p>Noticias recientes han revelado que las personas que se mantienen sentados por horas est\u00e1n acortando sus vidas. Los estudios han indicado que el sedentarismo y las malas escogencias al comer est\u00e1n asociadas con la diabetes tipo 2, la obesidad y las enfermedades cardiovasculares.<\/p>\n<p>Si estamos acostumbrados a consumir comida chatarra (procesada, alta en grasa y az\u00facar) y luego no realizamos ejercicio, no es de extra\u00f1ar que nuestros tiempos de vida est\u00e1n decreciendo. Las personas en las zonas azules comen saludable y hacen sus tareas diarias y de esa forma obtienen el ejercicio necesario sin excesiva sudoraci\u00f3n ni donando dinero al gimnasio.<\/p>\n<p>Niveles Bajos de Estr\u00e9s<\/p>\n<p>S\u00e9 que suena descabellado, considerando como vivimos nuestras vidas, pero las personas en las zonas azules han encontrado una forma de reducir el estr\u00e9s.<\/p>\n<p>B\u00e1sicamente, su base para una vida baja en estr\u00e9s es vivir una vida verdaderamente feliz, caracterizada por lazos familiares y un sentimiento de autoestima, apoyados en su espiritualidad y con adecuadas horas de sue\u00f1o. Si estaos felices con qui\u00e9n somos y el rol que tenemos en la vida, lo dem\u00e1s se va acomodando. Si estamos infelices, necesitamos re-evaluar nuestras vidas, yendo a nuestra alma y encontrando lo que nos hace verdaderamente felices, un lugar donde pertenezcamos en la vida. Poco a poco empezamos a tener mayores actividades diarias, consumir alimentos m\u00e1s saludables y nos aseguramos de dormir bien, para que nuestros cuerpos no est\u00e9n rezagados durante la semana.<\/p>\n<p>El periodista Dan Buettner escribi\u00f3 un libro llamado Las Zonas Azules \u201cThe Blue Zones\u201d, donde describe cuatro pasos principales para crear nuestra propia zona azul:<\/p>\n<p>Mueve tu cuerpo de forma natural: tu hogar debe calzar con la forma en que te mueves. Enf\u00f3cate en hacer cosas que te gusta hacer, como trabajar en el jard\u00edn, caminar, nadar, o pasando tiempo con tu familia y amigos.<\/p>\n<p>Expresa tus ideas con una actitud positive y date tiempo para descansar.<\/p>\n<p>Come sabiamente: olv\u00eddate de las dietas de moda que te obligan a consumir 20% menos de lo normal. No consumas alimentos procesados y tomate unas copas de vino tinto al d\u00eda. Por favor recuerda: No te excedas.<\/p>\n<p>Se parte de la tribu correcta: pon a los que amas primero y trata de reconectarte con tu religi\u00f3n o con alguna que quieras explorar.<\/p>\n<p>Otros consejos:<\/p>\n<p>Usa la televisi\u00f3n de la forma antigua. Hoy en d\u00eda las personas tienen una relaci\u00f3n de amor con el control remoto, y si se pierde, quieren llamar al 911 para encontrarlo.<\/p>\n<p>Rel\u00e1jate cada d\u00eda tomando una siesta, meditando o caminando solo para recuperar energ\u00eda y aliviar estr\u00e9s.<\/p>\n<p>Visita una feria del agricultor y compra frutas frescas y verduras para disfrutar en tus comidas.<\/p>\n<p>El vaso est\u00e1 lleno a la mitad, no vac\u00edo a la mitad. Trata siempre de ver el lado positivo de la vida.[\/vc_column_text][\/vc_column][\/vc_row]<\/p>\n","protected":false},"excerpt":{"rendered":"<p>[vc_row type=&#8221;full_width_section&#8221; bg_image=&#8221;1115&#8243;][vc_column][vc_empty_space height=&#8221;600&#8243;][\/vc_column][\/vc_row][vc_row][vc_column width=&#8221;1\/2&#8243;][vc_empty_space][vc_column_text] ZONA AZUL Pruebe la Zona Azul: Experimente una vida saludable al m\u00e1ximo Art\u00edculo por Debbie Nicholson &nbsp; Aprenda los Secretos de vida de las personas oriundas de las zonas azules &nbsp; El periodista Dan Buettner y National Geographic revelaron las afirmaciones de personas que f\u00e1cilmente viven a tener 90 a\u00f1os<\/p>\n<a href=\"https:\/\/tangomar.proyectoscoralcr.com\/es\/zona-azul\/\" class=\"more-link\">Read More<\/a>","protected":false},"author":5,"featured_media":0,"parent":0,"menu_order":0,"comment_status":"closed","ping_status":"closed","template":"","meta":{"_monsterinsights_skip_tracking":false,"_monsterinsights_sitenote_active":false,"_monsterinsights_sitenote_note":"","_monsterinsights_sitenote_category":0,"footnotes":""},"class_list":["post-1602","page","type-page","status-publish","hentry"],"yoast_head":"<!-- This site is optimized with the Yoast SEO plugin v27.4 - https:\/\/yoast.com\/product\/yoast-seo-wordpress\/ -->\n<title>Zona Azul - Tango Mar<\/title>\n<meta name=\"robots\" content=\"index, follow, max-snippet:-1, max-image-preview:large, max-video-preview:-1\" \/>\n<link rel=\"canonical\" href=\"https:\/\/tangomar.proyectoscoralcr.com\/es\/zona-azul\/\" \/>\n<meta property=\"og:locale\" content=\"es_ES\" \/>\n<meta property=\"og:type\" content=\"article\" \/>\n<meta property=\"og:title\" content=\"Zona Azul - Tango Mar\" \/>\n<meta property=\"og:description\" content=\"[vc_row type=&#8221;full_width_section&#8221; bg_image=&#8221;1115&#8243;][vc_column][vc_empty_space height=&#8221;600&#8243;][\/vc_column][\/vc_row][vc_row][vc_column width=&#8221;1\/2&#8243;][vc_empty_space][vc_column_text] ZONA AZUL Pruebe la Zona Azul: Experimente una vida saludable al m\u00e1ximo Art\u00edculo por Debbie Nicholson &nbsp; Aprenda los Secretos de vida de las personas oriundas de las zonas azules &nbsp; El periodista Dan Buettner y National Geographic revelaron las afirmaciones de personas que f\u00e1cilmente viven a tener 90 a\u00f1os\" \/>\n<meta property=\"og:url\" content=\"https:\/\/tangomar.proyectoscoralcr.com\/es\/zona-azul\/\" \/>\n<meta property=\"og:site_name\" content=\"Tango Mar\" \/>\n<meta property=\"article:publisher\" content=\"https:\/\/www.facebook.com\/TangoMar\/\" \/>\n<meta property=\"article:modified_time\" content=\"2019-12-04T17:23:29+00:00\" \/>\n<meta name=\"twitter:card\" content=\"summary_large_image\" \/>\n<meta name=\"twitter:label1\" content=\"Tiempo de lectura\" \/>\n\t<meta name=\"twitter:data1\" content=\"7 minutos\" \/>\n<script type=\"application\/ld+json\" class=\"yoast-schema-graph\">{\"@context\":\"https:\\\/\\\/schema.org\",\"@graph\":[{\"@type\":\"WebPage\",\"@id\":\"https:\\\/\\\/tangomar.proyectoscoralcr.com\\\/es\\\/zona-azul\\\/\",\"url\":\"https:\\\/\\\/tangomar.proyectoscoralcr.com\\\/es\\\/zona-azul\\\/\",\"name\":\"Zona Azul - Tango Mar\",\"isPartOf\":{\"@id\":\"https:\\\/\\\/tangomar.proyectoscoralcr.com\\\/#website\"},\"datePublished\":\"2018-11-10T01:38:15+00:00\",\"dateModified\":\"2019-12-04T17:23:29+00:00\",\"breadcrumb\":{\"@id\":\"https:\\\/\\\/tangomar.proyectoscoralcr.com\\\/es\\\/zona-azul\\\/#breadcrumb\"},\"inLanguage\":\"es\",\"potentialAction\":[{\"@type\":\"ReadAction\",\"target\":[\"https:\\\/\\\/tangomar.proyectoscoralcr.com\\\/es\\\/zona-azul\\\/\"]}]},{\"@type\":\"BreadcrumbList\",\"@id\":\"https:\\\/\\\/tangomar.proyectoscoralcr.com\\\/es\\\/zona-azul\\\/#breadcrumb\",\"itemListElement\":[{\"@type\":\"ListItem\",\"position\":1,\"name\":\"Home\",\"item\":\"https:\\\/\\\/tangomar.proyectoscoralcr.com\\\/es\\\/\"},{\"@type\":\"ListItem\",\"position\":2,\"name\":\"Zona Azul\"}]},{\"@type\":\"WebSite\",\"@id\":\"https:\\\/\\\/tangomar.proyectoscoralcr.com\\\/#website\",\"url\":\"https:\\\/\\\/tangomar.proyectoscoralcr.com\\\/\",\"name\":\"Tango Mar\",\"description\":\"Beach Front Resort, Costa Rica\",\"potentialAction\":[{\"@type\":\"SearchAction\",\"target\":{\"@type\":\"EntryPoint\",\"urlTemplate\":\"https:\\\/\\\/tangomar.proyectoscoralcr.com\\\/?s={search_term_string}\"},\"query-input\":{\"@type\":\"PropertyValueSpecification\",\"valueRequired\":true,\"valueName\":\"search_term_string\"}}],\"inLanguage\":\"es\"}]}<\/script>\n<!-- \/ Yoast SEO plugin. -->","yoast_head_json":{"title":"Zona Azul - Tango Mar","robots":{"index":"index","follow":"follow","max-snippet":"max-snippet:-1","max-image-preview":"max-image-preview:large","max-video-preview":"max-video-preview:-1"},"canonical":"https:\/\/tangomar.proyectoscoralcr.com\/es\/zona-azul\/","og_locale":"es_ES","og_type":"article","og_title":"Zona Azul - Tango Mar","og_description":"[vc_row type=&#8221;full_width_section&#8221; bg_image=&#8221;1115&#8243;][vc_column][vc_empty_space height=&#8221;600&#8243;][\/vc_column][\/vc_row][vc_row][vc_column width=&#8221;1\/2&#8243;][vc_empty_space][vc_column_text] ZONA AZUL Pruebe la Zona Azul: Experimente una vida saludable al m\u00e1ximo Art\u00edculo por Debbie Nicholson &nbsp; Aprenda los Secretos de vida de las personas oriundas de las zonas azules &nbsp; El periodista Dan Buettner y National Geographic revelaron las afirmaciones de personas que f\u00e1cilmente viven a tener 90 a\u00f1os","og_url":"https:\/\/tangomar.proyectoscoralcr.com\/es\/zona-azul\/","og_site_name":"Tango Mar","article_publisher":"https:\/\/www.facebook.com\/TangoMar\/","article_modified_time":"2019-12-04T17:23:29+00:00","twitter_card":"summary_large_image","twitter_misc":{"Tiempo de lectura":"7 minutos"},"schema":{"@context":"https:\/\/schema.org","@graph":[{"@type":"WebPage","@id":"https:\/\/tangomar.proyectoscoralcr.com\/es\/zona-azul\/","url":"https:\/\/tangomar.proyectoscoralcr.com\/es\/zona-azul\/","name":"Zona Azul - Tango Mar","isPartOf":{"@id":"https:\/\/tangomar.proyectoscoralcr.com\/#website"},"datePublished":"2018-11-10T01:38:15+00:00","dateModified":"2019-12-04T17:23:29+00:00","breadcrumb":{"@id":"https:\/\/tangomar.proyectoscoralcr.com\/es\/zona-azul\/#breadcrumb"},"inLanguage":"es","potentialAction":[{"@type":"ReadAction","target":["https:\/\/tangomar.proyectoscoralcr.com\/es\/zona-azul\/"]}]},{"@type":"BreadcrumbList","@id":"https:\/\/tangomar.proyectoscoralcr.com\/es\/zona-azul\/#breadcrumb","itemListElement":[{"@type":"ListItem","position":1,"name":"Home","item":"https:\/\/tangomar.proyectoscoralcr.com\/es\/"},{"@type":"ListItem","position":2,"name":"Zona Azul"}]},{"@type":"WebSite","@id":"https:\/\/tangomar.proyectoscoralcr.com\/#website","url":"https:\/\/tangomar.proyectoscoralcr.com\/","name":"Tango Mar","description":"Beach Front Resort, Costa Rica","potentialAction":[{"@type":"SearchAction","target":{"@type":"EntryPoint","urlTemplate":"https:\/\/tangomar.proyectoscoralcr.com\/?s={search_term_string}"},"query-input":{"@type":"PropertyValueSpecification","valueRequired":true,"valueName":"search_term_string"}}],"inLanguage":"es"}]}},"_links":{"self":[{"href":"https:\/\/tangomar.proyectoscoralcr.com\/es\/wp-json\/wp\/v2\/pages\/1602","targetHints":{"allow":["GET"]}}],"collection":[{"href":"https:\/\/tangomar.proyectoscoralcr.com\/es\/wp-json\/wp\/v2\/pages"}],"about":[{"href":"https:\/\/tangomar.proyectoscoralcr.com\/es\/wp-json\/wp\/v2\/types\/page"}],"author":[{"embeddable":true,"href":"https:\/\/tangomar.proyectoscoralcr.com\/es\/wp-json\/wp\/v2\/users\/5"}],"replies":[{"embeddable":true,"href":"https:\/\/tangomar.proyectoscoralcr.com\/es\/wp-json\/wp\/v2\/comments?post=1602"}],"version-history":[{"count":1,"href":"https:\/\/tangomar.proyectoscoralcr.com\/es\/wp-json\/wp\/v2\/pages\/1602\/revisions"}],"predecessor-version":[{"id":1609,"href":"https:\/\/tangomar.proyectoscoralcr.com\/es\/wp-json\/wp\/v2\/pages\/1602\/revisions\/1609"}],"wp:attachment":[{"href":"https:\/\/tangomar.proyectoscoralcr.com\/es\/wp-json\/wp\/v2\/media?parent=1602"}],"curies":[{"name":"wp","href":"https:\/\/api.w.org\/{rel}","templated":true}]}}