{"id":1553,"date":"2017-08-26T02:36:55","date_gmt":"2017-08-26T02:36:55","guid":{"rendered":"https:\/\/tangomar.proyectoscoralcr.com\/ubicacion\/"},"modified":"2024-03-29T21:34:48","modified_gmt":"2024-03-29T21:34:48","slug":"ubicacion","status":"publish","type":"page","link":"https:\/\/tangomar.proyectoscoralcr.com\/es\/ubicacion\/","title":{"rendered":"Ubicaci\u00f3n"},"content":{"rendered":"<p>[vc_row][vc_column][vc_column_text]<\/p>\n<h1>Ubicaci\u00f3n<\/h1>\n<p>Ubicado en una reserve privada de 150 acres frente al mar en una reserva privada en la Pen\u00ednsula de Nicoya en la Costa Pac\u00edfica de Costa Rica. Tango Mar ofrece la \u00edntima exclusividad de un complejo peque\u00f1o de playa en una amplia propiedad donde puede encontrar su propio espacio.<\/p>\n<p>Tango Mar Beachfront Hotel y Villas es un secreto bien guardado en la solitaria playa de Quizales, en la Pen\u00ednsula de Nicoya, en la costa Pac\u00edfica de Costa Rica.<\/p>\n<p>Tango Mar se accede f\u00e1cilmente por tierra o aire.<\/p>\n<p>Si est\u00e1 manejando desde la capital de San Jos\u00e9, un recorrido de dos horas aproximadamente lo llevar\u00e1 al puerto de Puntarenas. De aqu\u00ed abordar\u00e1 el ferry cruzando el Golfo de Nicoya, hasta el pueblo de Paquera demorando una hora. Escoja un lugar donde pueda observar el agua, ya que, si el clima y la suerte lo permite, podr\u00e1 observar delfines, pelicanos y tortugas marinas en el camino. Luego del muelle de Paquera al hotel tarda solo 45 min.<\/p>\n<p>V\u00eda a\u00e9rea, solo tardar 25 minutos desde San Jos\u00e9 a la pista de C\u00f3bano.<\/p>\n<p>***<\/p>\n<p>Desde el aeropuerto de Liberia se tarda aprox. 4 horas y 30 min. en carro o puede tomar un vuelo de 30 minutos a C\u00f3bano.<\/p>\n<p>El hotel se ubica a 15 min. (8km) de la pista de C\u00f3bano.<\/p>\n<p><em>Visita nuestro nuestro blog donde encontrar\u00e1s m\u00e1s detalles de como llegar al hotel desde San Jos\u00e9 o Liberia.<\/em><\/p>\n<p>Latitud:\u00a0\u00a0\u00a0\u00a0\u00a0\u00a0\u00a0\u00a0\u00a0 9.68817046679492<\/p>\n<p>Longitud:\u00a0\u00a0\u00a0\u00a0\u00a0\u00a0 -85.0175607204437[\/vc_column_text][\/vc_column][\/vc_row][vc_row type=&#8221;full_width_section&#8221;][vc_column parallax=&#8221;content-moving-fade&#8221; parallax_image=&#8221;623&#8243; css_animation=&#8221;bounceInLeft&#8221; css=&#8221;.vc_custom_1525628030418{background-image: url(https:\/\/tangomar.proyectoscoralcr.com\/wp-content\/uploads\/2018\/04\/DJI_0150-FILEminimizer.jpg?id=607) !important;}&#8221;][vc_empty_space][vc_gmaps link=&#8221;#E-8_JTNDaWZyYW1lJTIwc3JjJTNEJTIyaHR0cHMlM0ElMkYlMkZ3d3cuZ29vZ2xlLmNvbSUyRm1hcHMlMkZlbWJlZCUzRnBiJTNEJTIxMW0xOCUyMTFtMTIlMjExbTMlMjExZDQ2NTAyMy4xMjkyMjU1ODY1JTIxMmQtODUuMDI0MDY5Njc4MDg4MDclMjEzZDkuOTQwNTYxNTU4MjUxNTE1JTIxMm0zJTIxMWYwJTIxMmYwJTIxM2YwJTIxM20yJTIxMWkxMDI0JTIxMmk3NjglMjE0ZjEzLjElMjEzbTMlMjExbTIlMjExczB4OGY5ZjY0YWFkZjE2OTcwOSUyNTNBMHhkZDc1NTNhMWYyMGY1YTU0JTIxMnNUYW5nbyUyQk1hciUyQkJlYWNoJTJCSG90ZWwlMkJTcGElMkJhbmQlMkJHb2xmJTJCUmVzb3J0JTIxNWUwJTIxM20yJTIxMXNlbiUyMTJzY3IlMjE0djE1NDA1ODkxODgxMDMlMjIlMjB3aWR0aCUzRCUyMjYwMCUyMiUyMGhlaWdodCUzRCUyMjQ1MCUyMiUyMGZyYW1lYm9yZGVyJTNEJTIyMCUyMiUyMHN0eWxlJTNEJTIyYm9yZGVyJTNBMCUyMiUyMGFsbG93ZnVsbHNjcmVlbiUzRSUzQyUyRmlmcmFtZSUzRQ==&#8221; css_animation=&#8221;fadeIn&#8221;][\/vc_column][\/vc_row]<\/p>\n","protected":false},"excerpt":{"rendered":"<p>[vc_row][vc_column][vc_column_text] Ubicaci\u00f3n Ubicado en una reserve privada de 150 acres frente al mar en una reserva privada en la Pen\u00ednsula de Nicoya en la Costa Pac\u00edfica de Costa Rica. Tango Mar ofrece la \u00edntima exclusividad de un complejo peque\u00f1o de playa en una amplia propiedad donde puede encontrar su propio espacio. Tango Mar Beachfront Hotel<\/p>\n<a href=\"https:\/\/tangomar.proyectoscoralcr.com\/es\/ubicacion\/\" class=\"more-link\">Read More<\/a>","protected":false},"author":5,"featured_media":0,"parent":0,"menu_order":0,"comment_status":"closed","ping_status":"closed","template":"","meta":{"_monsterinsights_skip_tracking":false,"_monsterinsights_sitenote_active":false,"_monsterinsights_sitenote_note":"","_monsterinsights_sitenote_category":0,"footnotes":""},"class_list":["post-1553","page","type-page","status-publish","hentry"],"yoast_head":"<!-- This site is optimized with the Yoast SEO plugin v27.4 - https:\/\/yoast.com\/product\/yoast-seo-wordpress\/ -->\n<title>Ubicaci\u00f3n - Tango Mar<\/title>\n<meta name=\"robots\" content=\"index, follow, max-snippet:-1, max-image-preview:large, max-video-preview:-1\" \/>\n<link rel=\"canonical\" href=\"https:\/\/tangomar.proyectoscoralcr.com\/es\/ubicacion\/\" \/>\n<meta property=\"og:locale\" content=\"es_ES\" \/>\n<meta property=\"og:type\" content=\"article\" \/>\n<meta property=\"og:title\" content=\"Ubicaci\u00f3n - Tango Mar\" \/>\n<meta property=\"og:description\" content=\"[vc_row][vc_column][vc_column_text] Ubicaci\u00f3n Ubicado en una reserve privada de 150 acres frente al mar en una reserva privada en la Pen\u00ednsula de Nicoya en la Costa Pac\u00edfica de Costa Rica. Tango Mar ofrece la \u00edntima exclusividad de un complejo peque\u00f1o de playa en una amplia propiedad donde puede encontrar su propio espacio. Tango Mar Beachfront Hotel\" \/>\n<meta property=\"og:url\" content=\"https:\/\/tangomar.proyectoscoralcr.com\/es\/ubicacion\/\" \/>\n<meta property=\"og:site_name\" content=\"Tango Mar\" \/>\n<meta property=\"article:publisher\" content=\"https:\/\/www.facebook.com\/TangoMar\/\" \/>\n<meta property=\"article:modified_time\" content=\"2024-03-29T21:34:48+00:00\" \/>\n<meta name=\"twitter:card\" content=\"summary_large_image\" \/>\n<meta name=\"twitter:label1\" content=\"Tiempo de lectura\" \/>\n\t<meta name=\"twitter:data1\" content=\"2 minutos\" \/>\n<script type=\"application\/ld+json\" class=\"yoast-schema-graph\">{\"@context\":\"https:\\\/\\\/schema.org\",\"@graph\":[{\"@type\":\"WebPage\",\"@id\":\"https:\\\/\\\/tangomar.proyectoscoralcr.com\\\/es\\\/ubicacion\\\/\",\"url\":\"https:\\\/\\\/tangomar.proyectoscoralcr.com\\\/es\\\/ubicacion\\\/\",\"name\":\"Ubicaci\u00f3n - Tango Mar\",\"isPartOf\":{\"@id\":\"https:\\\/\\\/tangomar.proyectoscoralcr.com\\\/#website\"},\"datePublished\":\"2017-08-26T02:36:55+00:00\",\"dateModified\":\"2024-03-29T21:34:48+00:00\",\"breadcrumb\":{\"@id\":\"https:\\\/\\\/tangomar.proyectoscoralcr.com\\\/es\\\/ubicacion\\\/#breadcrumb\"},\"inLanguage\":\"es\",\"potentialAction\":[{\"@type\":\"ReadAction\",\"target\":[\"https:\\\/\\\/tangomar.proyectoscoralcr.com\\\/es\\\/ubicacion\\\/\"]}]},{\"@type\":\"BreadcrumbList\",\"@id\":\"https:\\\/\\\/tangomar.proyectoscoralcr.com\\\/es\\\/ubicacion\\\/#breadcrumb\",\"itemListElement\":[{\"@type\":\"ListItem\",\"position\":1,\"name\":\"Home\",\"item\":\"https:\\\/\\\/tangomar.proyectoscoralcr.com\\\/es\\\/\"},{\"@type\":\"ListItem\",\"position\":2,\"name\":\"Ubicaci\u00f3n\"}]},{\"@type\":\"WebSite\",\"@id\":\"https:\\\/\\\/tangomar.proyectoscoralcr.com\\\/#website\",\"url\":\"https:\\\/\\\/tangomar.proyectoscoralcr.com\\\/\",\"name\":\"Tango Mar\",\"description\":\"Beach Front Resort, Costa Rica\",\"potentialAction\":[{\"@type\":\"SearchAction\",\"target\":{\"@type\":\"EntryPoint\",\"urlTemplate\":\"https:\\\/\\\/tangomar.proyectoscoralcr.com\\\/?s={search_term_string}\"},\"query-input\":{\"@type\":\"PropertyValueSpecification\",\"valueRequired\":true,\"valueName\":\"search_term_string\"}}],\"inLanguage\":\"es\"}]}<\/script>\n<!-- \/ Yoast SEO plugin. -->","yoast_head_json":{"title":"Ubicaci\u00f3n - Tango Mar","robots":{"index":"index","follow":"follow","max-snippet":"max-snippet:-1","max-image-preview":"max-image-preview:large","max-video-preview":"max-video-preview:-1"},"canonical":"https:\/\/tangomar.proyectoscoralcr.com\/es\/ubicacion\/","og_locale":"es_ES","og_type":"article","og_title":"Ubicaci\u00f3n - Tango Mar","og_description":"[vc_row][vc_column][vc_column_text] Ubicaci\u00f3n Ubicado en una reserve privada de 150 acres frente al mar en una reserva privada en la Pen\u00ednsula de Nicoya en la Costa Pac\u00edfica de Costa Rica. Tango Mar ofrece la \u00edntima exclusividad de un complejo peque\u00f1o de playa en una amplia propiedad donde puede encontrar su propio espacio. Tango Mar Beachfront Hotel","og_url":"https:\/\/tangomar.proyectoscoralcr.com\/es\/ubicacion\/","og_site_name":"Tango Mar","article_publisher":"https:\/\/www.facebook.com\/TangoMar\/","article_modified_time":"2024-03-29T21:34:48+00:00","twitter_card":"summary_large_image","twitter_misc":{"Tiempo de lectura":"2 minutos"},"schema":{"@context":"https:\/\/schema.org","@graph":[{"@type":"WebPage","@id":"https:\/\/tangomar.proyectoscoralcr.com\/es\/ubicacion\/","url":"https:\/\/tangomar.proyectoscoralcr.com\/es\/ubicacion\/","name":"Ubicaci\u00f3n - Tango Mar","isPartOf":{"@id":"https:\/\/tangomar.proyectoscoralcr.com\/#website"},"datePublished":"2017-08-26T02:36:55+00:00","dateModified":"2024-03-29T21:34:48+00:00","breadcrumb":{"@id":"https:\/\/tangomar.proyectoscoralcr.com\/es\/ubicacion\/#breadcrumb"},"inLanguage":"es","potentialAction":[{"@type":"ReadAction","target":["https:\/\/tangomar.proyectoscoralcr.com\/es\/ubicacion\/"]}]},{"@type":"BreadcrumbList","@id":"https:\/\/tangomar.proyectoscoralcr.com\/es\/ubicacion\/#breadcrumb","itemListElement":[{"@type":"ListItem","position":1,"name":"Home","item":"https:\/\/tangomar.proyectoscoralcr.com\/es\/"},{"@type":"ListItem","position":2,"name":"Ubicaci\u00f3n"}]},{"@type":"WebSite","@id":"https:\/\/tangomar.proyectoscoralcr.com\/#website","url":"https:\/\/tangomar.proyectoscoralcr.com\/","name":"Tango Mar","description":"Beach Front Resort, Costa Rica","potentialAction":[{"@type":"SearchAction","target":{"@type":"EntryPoint","urlTemplate":"https:\/\/tangomar.proyectoscoralcr.com\/?s={search_term_string}"},"query-input":{"@type":"PropertyValueSpecification","valueRequired":true,"valueName":"search_term_string"}}],"inLanguage":"es"}]}},"_links":{"self":[{"href":"https:\/\/tangomar.proyectoscoralcr.com\/es\/wp-json\/wp\/v2\/pages\/1553","targetHints":{"allow":["GET"]}}],"collection":[{"href":"https:\/\/tangomar.proyectoscoralcr.com\/es\/wp-json\/wp\/v2\/pages"}],"about":[{"href":"https:\/\/tangomar.proyectoscoralcr.com\/es\/wp-json\/wp\/v2\/types\/page"}],"author":[{"embeddable":true,"href":"https:\/\/tangomar.proyectoscoralcr.com\/es\/wp-json\/wp\/v2\/users\/5"}],"replies":[{"embeddable":true,"href":"https:\/\/tangomar.proyectoscoralcr.com\/es\/wp-json\/wp\/v2\/comments?post=1553"}],"version-history":[{"count":6,"href":"https:\/\/tangomar.proyectoscoralcr.com\/es\/wp-json\/wp\/v2\/pages\/1553\/revisions"}],"predecessor-version":[{"id":4644,"href":"https:\/\/tangomar.proyectoscoralcr.com\/es\/wp-json\/wp\/v2\/pages\/1553\/revisions\/4644"}],"wp:attachment":[{"href":"https:\/\/tangomar.proyectoscoralcr.com\/es\/wp-json\/wp\/v2\/media?parent=1553"}],"curies":[{"name":"wp","href":"https:\/\/api.w.org\/{rel}","templated":true}]}}