{"id":1547,"date":"2018-11-09T22:57:22","date_gmt":"2018-11-09T22:57:22","guid":{"rendered":"https:\/\/tangomar.proyectoscoralcr.com\/nicoya\/"},"modified":"2019-12-04T17:21:37","modified_gmt":"2019-12-04T17:21:37","slug":"nicoya","status":"publish","type":"page","link":"https:\/\/tangomar.proyectoscoralcr.com\/es\/nicoya\/","title":{"rendered":"Nicoya"},"content":{"rendered":"<p>[vc_row][vc_column][vc_empty_space][\/vc_column][\/vc_row][vc_row][vc_column css_animation=&#8221;bounceInLeft&#8221; width=&#8221;1\/2&#8243;][vc_single_image image=&#8221;1548&#8243; img_size=&#8221;large&#8221;][\/vc_column][vc_column css_animation=&#8221;slideInDown&#8221; width=&#8221;1\/2&#8243;][vc_custom_heading text=&#8221;La Pen\u00ednsula de Nicoya&#8221;][vc_column_text]Ubicada en la costa Pac\u00edfica de Costa Rica, es considerada una zona transicional entre el tr\u00f3pico que caracteriza el suroeste del pa\u00eds, y la vegetaci\u00f3n m\u00e1s seca del norte de Guanacaste.<\/p>\n<p>Secretos escondidos de longevidad han sido descubiertos recientemente en esta zona, y fue nombrada entre los 4 lugares en el mundo en ser categorizados como \u201cZonas Azules\u201d, donde los habitantes pueden vivir m\u00e1s de cien a\u00f1os.<\/p>\n<p>Diversa vegetaci\u00f3n y vida silvestre abundante puede ser observada bordeando la pen\u00ednsula en sus reservas naturales y parques nacionales ya establecidos. La hermosa Pen\u00ednsula de Nicoya cuenta con playas interminable, de agua tibia todo el a\u00f1o, y donde se pueden practicar varias actividades acu\u00e1ticas como buceo, \u201csnorkeling\u201d, pesca deportiva y surfeo.<\/p>\n<p>Hay tres maneras de acceder la pen\u00ednsula: Por Ferry desde Puntarenas al Puerto de Paquera \u00f3 Naranjo; por carretera desde Liberia entrando a la pen\u00ednsula desde el norte, cruzando el puente sobre el r\u00edo Tempisque; \u00f3, por vuelos regulares diarios a los aeropuertos de Tambor, Liberia o Nosara.[\/vc_column_text][\/vc_column][\/vc_row]<\/p>\n","protected":false},"excerpt":{"rendered":"<p>[vc_row][vc_column][vc_empty_space][\/vc_column][\/vc_row][vc_row][vc_column css_animation=&#8221;bounceInLeft&#8221; width=&#8221;1\/2&#8243;][vc_single_image image=&#8221;1548&#8243; img_size=&#8221;large&#8221;][\/vc_column][vc_column css_animation=&#8221;slideInDown&#8221; width=&#8221;1\/2&#8243;][vc_custom_heading text=&#8221;La Pen\u00ednsula de Nicoya&#8221;][vc_column_text]Ubicada en la costa Pac\u00edfica de Costa Rica, es considerada una zona transicional entre el tr\u00f3pico que caracteriza el suroeste del pa\u00eds, y la vegetaci\u00f3n m\u00e1s seca del norte de Guanacaste. Secretos escondidos de longevidad han sido descubiertos recientemente en esta zona, y fue nombrada<\/p>\n<a href=\"https:\/\/tangomar.proyectoscoralcr.com\/es\/nicoya\/\" class=\"more-link\">Read More<\/a>","protected":false},"author":5,"featured_media":0,"parent":0,"menu_order":0,"comment_status":"closed","ping_status":"closed","template":"","meta":{"_monsterinsights_skip_tracking":false,"_monsterinsights_sitenote_active":false,"_monsterinsights_sitenote_note":"","_monsterinsights_sitenote_category":0,"footnotes":""},"class_list":["post-1547","page","type-page","status-publish","hentry"],"yoast_head":"<!-- This site is optimized with the Yoast SEO plugin v27.4 - https:\/\/yoast.com\/product\/yoast-seo-wordpress\/ -->\n<title>Nicoya - Tango Mar<\/title>\n<meta name=\"robots\" content=\"index, follow, max-snippet:-1, max-image-preview:large, max-video-preview:-1\" \/>\n<link rel=\"canonical\" href=\"https:\/\/tangomar.proyectoscoralcr.com\/es\/nicoya\/\" \/>\n<meta property=\"og:locale\" content=\"es_ES\" \/>\n<meta property=\"og:type\" content=\"article\" \/>\n<meta property=\"og:title\" content=\"Nicoya - Tango Mar\" \/>\n<meta property=\"og:description\" content=\"[vc_row][vc_column][vc_empty_space][\/vc_column][\/vc_row][vc_row][vc_column css_animation=&#8221;bounceInLeft&#8221; width=&#8221;1\/2&#8243;][vc_single_image image=&#8221;1548&#8243; img_size=&#8221;large&#8221;][\/vc_column][vc_column css_animation=&#8221;slideInDown&#8221; width=&#8221;1\/2&#8243;][vc_custom_heading text=&#8221;La Pen\u00ednsula de Nicoya&#8221;][vc_column_text]Ubicada en la costa Pac\u00edfica de Costa Rica, es considerada una zona transicional entre el tr\u00f3pico que caracteriza el suroeste del pa\u00eds, y la vegetaci\u00f3n m\u00e1s seca del norte de Guanacaste. Secretos escondidos de longevidad han sido descubiertos recientemente en esta zona, y fue nombrada\" \/>\n<meta property=\"og:url\" content=\"https:\/\/tangomar.proyectoscoralcr.com\/es\/nicoya\/\" \/>\n<meta property=\"og:site_name\" content=\"Tango Mar\" \/>\n<meta property=\"article:publisher\" content=\"https:\/\/www.facebook.com\/TangoMar\/\" \/>\n<meta property=\"article:modified_time\" content=\"2019-12-04T17:21:37+00:00\" \/>\n<meta name=\"twitter:card\" content=\"summary_large_image\" \/>\n<meta name=\"twitter:label1\" content=\"Tiempo de lectura\" \/>\n\t<meta name=\"twitter:data1\" content=\"1 minuto\" \/>\n<script type=\"application\/ld+json\" class=\"yoast-schema-graph\">{\"@context\":\"https:\\\/\\\/schema.org\",\"@graph\":[{\"@type\":\"WebPage\",\"@id\":\"https:\\\/\\\/tangomar.proyectoscoralcr.com\\\/es\\\/nicoya\\\/\",\"url\":\"https:\\\/\\\/tangomar.proyectoscoralcr.com\\\/es\\\/nicoya\\\/\",\"name\":\"Nicoya - Tango Mar\",\"isPartOf\":{\"@id\":\"https:\\\/\\\/tangomar.proyectoscoralcr.com\\\/#website\"},\"datePublished\":\"2018-11-09T22:57:22+00:00\",\"dateModified\":\"2019-12-04T17:21:37+00:00\",\"breadcrumb\":{\"@id\":\"https:\\\/\\\/tangomar.proyectoscoralcr.com\\\/es\\\/nicoya\\\/#breadcrumb\"},\"inLanguage\":\"es\",\"potentialAction\":[{\"@type\":\"ReadAction\",\"target\":[\"https:\\\/\\\/tangomar.proyectoscoralcr.com\\\/es\\\/nicoya\\\/\"]}]},{\"@type\":\"BreadcrumbList\",\"@id\":\"https:\\\/\\\/tangomar.proyectoscoralcr.com\\\/es\\\/nicoya\\\/#breadcrumb\",\"itemListElement\":[{\"@type\":\"ListItem\",\"position\":1,\"name\":\"Home\",\"item\":\"https:\\\/\\\/tangomar.proyectoscoralcr.com\\\/es\\\/\"},{\"@type\":\"ListItem\",\"position\":2,\"name\":\"Nicoya\"}]},{\"@type\":\"WebSite\",\"@id\":\"https:\\\/\\\/tangomar.proyectoscoralcr.com\\\/#website\",\"url\":\"https:\\\/\\\/tangomar.proyectoscoralcr.com\\\/\",\"name\":\"Tango Mar\",\"description\":\"Beach Front Resort, Costa Rica\",\"potentialAction\":[{\"@type\":\"SearchAction\",\"target\":{\"@type\":\"EntryPoint\",\"urlTemplate\":\"https:\\\/\\\/tangomar.proyectoscoralcr.com\\\/?s={search_term_string}\"},\"query-input\":{\"@type\":\"PropertyValueSpecification\",\"valueRequired\":true,\"valueName\":\"search_term_string\"}}],\"inLanguage\":\"es\"}]}<\/script>\n<!-- \/ Yoast SEO plugin. -->","yoast_head_json":{"title":"Nicoya - Tango Mar","robots":{"index":"index","follow":"follow","max-snippet":"max-snippet:-1","max-image-preview":"max-image-preview:large","max-video-preview":"max-video-preview:-1"},"canonical":"https:\/\/tangomar.proyectoscoralcr.com\/es\/nicoya\/","og_locale":"es_ES","og_type":"article","og_title":"Nicoya - Tango Mar","og_description":"[vc_row][vc_column][vc_empty_space][\/vc_column][\/vc_row][vc_row][vc_column css_animation=&#8221;bounceInLeft&#8221; width=&#8221;1\/2&#8243;][vc_single_image image=&#8221;1548&#8243; img_size=&#8221;large&#8221;][\/vc_column][vc_column css_animation=&#8221;slideInDown&#8221; width=&#8221;1\/2&#8243;][vc_custom_heading text=&#8221;La Pen\u00ednsula de Nicoya&#8221;][vc_column_text]Ubicada en la costa Pac\u00edfica de Costa Rica, es considerada una zona transicional entre el tr\u00f3pico que caracteriza el suroeste del pa\u00eds, y la vegetaci\u00f3n m\u00e1s seca del norte de Guanacaste. Secretos escondidos de longevidad han sido descubiertos recientemente en esta zona, y fue nombrada","og_url":"https:\/\/tangomar.proyectoscoralcr.com\/es\/nicoya\/","og_site_name":"Tango Mar","article_publisher":"https:\/\/www.facebook.com\/TangoMar\/","article_modified_time":"2019-12-04T17:21:37+00:00","twitter_card":"summary_large_image","twitter_misc":{"Tiempo de lectura":"1 minuto"},"schema":{"@context":"https:\/\/schema.org","@graph":[{"@type":"WebPage","@id":"https:\/\/tangomar.proyectoscoralcr.com\/es\/nicoya\/","url":"https:\/\/tangomar.proyectoscoralcr.com\/es\/nicoya\/","name":"Nicoya - Tango Mar","isPartOf":{"@id":"https:\/\/tangomar.proyectoscoralcr.com\/#website"},"datePublished":"2018-11-09T22:57:22+00:00","dateModified":"2019-12-04T17:21:37+00:00","breadcrumb":{"@id":"https:\/\/tangomar.proyectoscoralcr.com\/es\/nicoya\/#breadcrumb"},"inLanguage":"es","potentialAction":[{"@type":"ReadAction","target":["https:\/\/tangomar.proyectoscoralcr.com\/es\/nicoya\/"]}]},{"@type":"BreadcrumbList","@id":"https:\/\/tangomar.proyectoscoralcr.com\/es\/nicoya\/#breadcrumb","itemListElement":[{"@type":"ListItem","position":1,"name":"Home","item":"https:\/\/tangomar.proyectoscoralcr.com\/es\/"},{"@type":"ListItem","position":2,"name":"Nicoya"}]},{"@type":"WebSite","@id":"https:\/\/tangomar.proyectoscoralcr.com\/#website","url":"https:\/\/tangomar.proyectoscoralcr.com\/","name":"Tango Mar","description":"Beach Front Resort, Costa Rica","potentialAction":[{"@type":"SearchAction","target":{"@type":"EntryPoint","urlTemplate":"https:\/\/tangomar.proyectoscoralcr.com\/?s={search_term_string}"},"query-input":{"@type":"PropertyValueSpecification","valueRequired":true,"valueName":"search_term_string"}}],"inLanguage":"es"}]}},"_links":{"self":[{"href":"https:\/\/tangomar.proyectoscoralcr.com\/es\/wp-json\/wp\/v2\/pages\/1547","targetHints":{"allow":["GET"]}}],"collection":[{"href":"https:\/\/tangomar.proyectoscoralcr.com\/es\/wp-json\/wp\/v2\/pages"}],"about":[{"href":"https:\/\/tangomar.proyectoscoralcr.com\/es\/wp-json\/wp\/v2\/types\/page"}],"author":[{"embeddable":true,"href":"https:\/\/tangomar.proyectoscoralcr.com\/es\/wp-json\/wp\/v2\/users\/5"}],"replies":[{"embeddable":true,"href":"https:\/\/tangomar.proyectoscoralcr.com\/es\/wp-json\/wp\/v2\/comments?post=1547"}],"version-history":[{"count":6,"href":"https:\/\/tangomar.proyectoscoralcr.com\/es\/wp-json\/wp\/v2\/pages\/1547\/revisions"}],"predecessor-version":[{"id":2880,"href":"https:\/\/tangomar.proyectoscoralcr.com\/es\/wp-json\/wp\/v2\/pages\/1547\/revisions\/2880"}],"wp:attachment":[{"href":"https:\/\/tangomar.proyectoscoralcr.com\/es\/wp-json\/wp\/v2\/media?parent=1547"}],"curies":[{"name":"wp","href":"https:\/\/api.w.org\/{rel}","templated":true}]}}