{"id":1498,"date":"2017-08-24T05:35:12","date_gmt":"2017-08-24T05:35:12","guid":{"rendered":"https:\/\/tangomar.proyectoscoralcr.com\/restaurante\/"},"modified":"2026-02-25T19:24:36","modified_gmt":"2026-02-25T19:24:36","slug":"restaurante","status":"publish","type":"page","link":"https:\/\/tangomar.proyectoscoralcr.com\/es\/restaurante\/","title":{"rendered":"Gastronom\u00eda"},"content":{"rendered":"<p>[vc_row][vc_column][vc_empty_space][rev_slider_vc alias=&#8221;Dining2&#8243; el_class=&#8221;slider-responsive&#8221;][\/vc_column][\/vc_row][vc_row type=&#8221;full_width_section&#8221; top_padding=&#8221;0&#8243; bottom_padding=&#8221;0&#8243; top_margin=&#8221;0&#8243; bottom_margin=&#8221;0&#8243;][vc_column][vc_empty_space][vc_column_text]<\/p>\n<h1 style=\"text-align: center;\">GASTRONOM\u00cdA<\/h1>\n<h2 style=\"text-align: center;\">La Filosof\u00eda de Tango Mar<\/h2>\n<p style=\"text-align: center;\">Es proveer servicio amigable, relajado y atento. El personal es seleccionado cuidadosamente y preparado para anticipar las necesidades de los hu\u00e9spedes. Cocina Gourmet Internacional y especialidades costarricenses son preparadas por chefs expertos.<\/p>\n<p style=\"text-align: center;\">El desayuno y la cena se sirven en el Restaurante \u201cCrist\u00f3bal\u201d, con vista al mar, en un ambiente casual y rom\u00e1ntico. La decoraci\u00f3n incluye bamb\u00fa y los muebles son de fina madera Crist\u00f3bal.<\/p>\n<p style=\"text-align: center;\">Antes de la cena disfrute un coctel tropical en nuestro Bar \u201cTango\u201d Bar, o en nuestra nueva terraza con vista al mar. Para el almuerzo o bebidas en la playa o a la par de la piscina, pruebe el Rancho Grill \u201cEl Pirata\u201d. Se sirven bebidas, emparedados, cocteles, ensaladas y comidas casuales de su elecci\u00f3n.<\/p>\n<p style=\"text-align: center;\">El Pirata es un lugar preferido para una recepci\u00f3n de bodas nocturna o reuni\u00f3n especial. Perm\u00edtanos contratar un grupo o discom\u00f3vil para su evento.<\/p>\n<h2 style=\"text-align: center;\">El Crist\u00f3bal<\/h2>\n<p style=\"text-align: center;\">Sirve los mariscos m\u00e1s frescos, la cocina internacional y los platos aut\u00f3ctonos de Costa Rica. Cada uno est\u00e1 preparado bajo la estrecha supervisi\u00f3n de nuestro Chef. El comedor est\u00e1 elegantemente amueblado con madera preciosa del \u00e1rbol de Crist\u00f3bal. El restaurante ofrece un ambiente informal pero rom\u00e1ntico con una vista impresionante del oc\u00e9ano. En el bar Tango se sirven aperitivos, c\u00f3cteles y bebidas despu\u00e9s de la cena.<\/p>\n<p style=\"text-align: center;\">A pocos pasos de la playa se encuentra la piscina principal con jacuzzi y bar. Ordene un c\u00f3ctel, tome el sol y rel\u00e1jese mientras disfruta de las hermosas vistas del oc\u00e9ano turquesa y los colores pastel del atardecer.<\/p>\n<p style=\"text-align: center;\"><strong>Desayuno:<\/strong> 7:00-10:00am &#8211; <strong>Cena:<\/strong> 6:30-9:00pm &#8211; <strong>Bar<\/strong>: 6:30-10:00pm<\/p>\n<p>[\/vc_column_text][\/vc_column][\/vc_row][vc_row][vc_column][vc_column_text css_animation=&#8221;fadeIn&#8221;]<\/p>\n\n\t\t<div id='gallery-1' class='gallery galleryid-1498 gallery-columns-3 gallery-size-medium'><div class='gallery-item'><div class='gallery-icon'><a href=\"https:\/\/tangomar.proyectoscoralcr.com\/wp-content\/uploads\/2018\/04\/Cristobal-4-FILEminimizer.jpg\" data-gal=\"prettyPhoto[gallery-1]\" title=\"Cristobal 4 (FILEminimizer)\"><img decoding=\"async\" src=\"https:\/\/tangomar.proyectoscoralcr.com\/wp-content\/uploads\/2018\/04\/Cristobal-4-FILEminimizer.jpg\" alt=\"\" \/><\/a><\/div><\/div><div class='gallery-item'><div class='gallery-icon'><a href=\"https:\/\/tangomar.proyectoscoralcr.com\/wp-content\/uploads\/2018\/04\/Cristobal-3-FILEminimizer.jpg\" data-gal=\"prettyPhoto[gallery-1]\" title=\"Cristobal 3\"><img decoding=\"async\" src=\"https:\/\/tangomar.proyectoscoralcr.com\/wp-content\/uploads\/2018\/04\/Cristobal-3-FILEminimizer.jpg\" alt=\"\" \/><\/a><\/div><\/div><div class='gallery-item'><div class='gallery-icon'><a href=\"https:\/\/tangomar.proyectoscoralcr.com\/wp-content\/uploads\/2018\/09\/Tango-Mar-bar-El-cristobal-FILEminimizer-1.png\" data-gal=\"prettyPhoto[gallery-1]\" title=\"Tango Mar Bar El Cristobal\"><img decoding=\"async\" src=\"https:\/\/tangomar.proyectoscoralcr.com\/wp-content\/uploads\/2018\/09\/Tango-Mar-bar-El-cristobal-FILEminimizer-1.png\" alt=\"\" \/><\/a><\/div><\/div>\n\t\t\t<br style='clear: both;' \/>\n\t\t<\/div>\n\n<p>[\/vc_column_text][vc_column_text]<\/p>\n<h3 style=\"text-align: center;\"><\/h3>\n<h2 style=\"text-align: center;\">El Pirata<\/h2>\n<p style=\"text-align: center;\">Rodeado de exuberantes jardines, \u00e1rboles y flores, pero al mismo tiempo tan cerca del oc\u00e9ano, el Grill and Restaurant junto a la piscina con vista al mar es el lugar ideal para disfrutar de almuerzos, refrigerios y c\u00f3cteles tropicales.<\/p>\n<p style=\"text-align: center;\"><strong>Almuerzo:<\/strong> 11:30am-3:00pm<\/p>\n<p>[\/vc_column_text][\/vc_column][\/vc_row][vc_row][vc_column][vc_column_text css_animation=&#8221;fadeIn&#8221;]<\/p>\n\n\t\t<div id='gallery-2' class='gallery galleryid-1498 gallery-columns-3 gallery-size-medium'><div class='gallery-item'><div class='gallery-icon'><a href=\"https:\/\/tangomar.proyectoscoralcr.com\/wp-content\/uploads\/2020\/11\/el-rancho-restaurant-tango-mar.jpg\" data-gal=\"prettyPhoto[gallery-2]\" title=\"el-rancho-restaurant-tango-mar\"><img decoding=\"async\" src=\"https:\/\/tangomar.proyectoscoralcr.com\/wp-content\/uploads\/2020\/11\/el-rancho-restaurant-tango-mar.jpg\" alt=\"\" \/><\/a><\/div><\/div><div class='gallery-item'><div class='gallery-icon'><a href=\"https:\/\/tangomar.proyectoscoralcr.com\/wp-content\/uploads\/2018\/04\/El-Pirata-Restaurant-1-FILEminimizer.jpg\" data-gal=\"prettyPhoto[gallery-2]\" title=\"El Pirata Restaurant 1 (FILEminimizer)\"><img decoding=\"async\" src=\"https:\/\/tangomar.proyectoscoralcr.com\/wp-content\/uploads\/2018\/04\/El-Pirata-Restaurant-1-FILEminimizer.jpg\" alt=\"\" \/><\/a><\/div><\/div><div class='gallery-item'><div class='gallery-icon'><a href=\"https:\/\/tangomar.proyectoscoralcr.com\/wp-content\/uploads\/2018\/04\/RestPol-FILEminimizer.jpg\" data-gal=\"prettyPhoto[gallery-2]\" title=\"RestPol (FILEminimizer)\"><img decoding=\"async\" src=\"https:\/\/tangomar.proyectoscoralcr.com\/wp-content\/uploads\/2018\/04\/RestPol-FILEminimizer.jpg\" alt=\"\" \/><\/a><\/div><\/div>\n\t\t\t<br style='clear: both;' \/>\n\t\t<\/div>\n\n<p>[\/vc_column_text][vc_column_text]<\/p>\n<h2 style=\"text-align: center;\"><strong>Vegetales Frescos de Nuestra Finca<\/strong><\/h2>\n<p>[\/vc_column_text][vc_column_text css_animation=&#8221;fadeIn&#8221;]<\/p>\n\n\t\t<div id='gallery-3' class='gallery galleryid-1498 gallery-columns-3 gallery-size-thumbnail'><div class='gallery-item'><div class='gallery-icon'><a href=\"https:\/\/tangomar.proyectoscoralcr.com\/wp-content\/uploads\/2018\/04\/AND_8385Hi-FILEminimizer.jpg\" data-gal=\"prettyPhoto[gallery-3]\" title=\"Jard\u00edn Organico\"><img decoding=\"async\" src=\"https:\/\/tangomar.proyectoscoralcr.com\/wp-content\/uploads\/2018\/04\/AND_8385Hi-FILEminimizer.jpg\" alt=\"\" \/><\/a><\/div><\/div><div class='gallery-item'><div class='gallery-icon'><a href=\"https:\/\/tangomar.proyectoscoralcr.com\/wp-content\/uploads\/2018\/04\/AND_8378Hi-FILEminimizer.jpg\" data-gal=\"prettyPhoto[gallery-3]\" title=\"Jard\u00edn Organico\"><img decoding=\"async\" src=\"https:\/\/tangomar.proyectoscoralcr.com\/wp-content\/uploads\/2018\/04\/AND_8378Hi-FILEminimizer.jpg\" alt=\"\" \/><\/a><\/div><\/div><div class='gallery-item'><div class='gallery-icon'><a href=\"https:\/\/tangomar.proyectoscoralcr.com\/wp-content\/uploads\/2018\/04\/AND_8417Hi-FILEminimizer.jpg\" data-gal=\"prettyPhoto[gallery-3]\" title=\"Jard\u00edn Organico\"><img decoding=\"async\" src=\"https:\/\/tangomar.proyectoscoralcr.com\/wp-content\/uploads\/2018\/04\/AND_8417Hi-FILEminimizer.jpg\" alt=\"\" \/><\/a><\/div><\/div><div class='gallery-item'><div class='gallery-icon'><a href=\"https:\/\/tangomar.proyectoscoralcr.com\/wp-content\/uploads\/2018\/04\/Organic-Garden-5-FILEminimizer.jpg\" data-gal=\"prettyPhoto[gallery-3]\" title=\"Organic Garden 5 (FILEminimizer)\"><img decoding=\"async\" src=\"https:\/\/tangomar.proyectoscoralcr.com\/wp-content\/uploads\/2018\/04\/Organic-Garden-5-FILEminimizer.jpg\" alt=\"\" \/><\/a><\/div><\/div><div class='gallery-item'><div class='gallery-icon'><a href=\"https:\/\/tangomar.proyectoscoralcr.com\/wp-content\/uploads\/2018\/04\/Fotos-Marc-2014-066-FILEminimizer.jpg\" data-gal=\"prettyPhoto[gallery-3]\" title=\"Fotos Marc 2014 066 (FILEminimizer)\"><img decoding=\"async\" src=\"https:\/\/tangomar.proyectoscoralcr.com\/wp-content\/uploads\/2018\/04\/Fotos-Marc-2014-066-FILEminimizer.jpg\" alt=\"\" \/><\/a><\/div><\/div><div class='gallery-item'><div class='gallery-icon'><a href=\"https:\/\/tangomar.proyectoscoralcr.com\/wp-content\/uploads\/2018\/04\/Fotos-Marc-2014-059-FILEminimizer.jpg\" data-gal=\"prettyPhoto[gallery-3]\" title=\"Jard\u00edn Organico\"><img decoding=\"async\" src=\"https:\/\/tangomar.proyectoscoralcr.com\/wp-content\/uploads\/2018\/04\/Fotos-Marc-2014-059-FILEminimizer.jpg\" alt=\"\" \/><\/a><\/div><\/div>\n\t\t\t<br style='clear: both;' \/>\n\t\t<\/div>\n\n<p>[\/vc_column_text][\/vc_column][vc_column][\/vc_column][vc_column][\/vc_column][\/vc_row]<\/p>\n","protected":false},"excerpt":{"rendered":"<p>[vc_row][vc_column][vc_empty_space][rev_slider_vc alias=&#8221;Dining2&#8243; el_class=&#8221;slider-responsive&#8221;][\/vc_column][\/vc_row][vc_row type=&#8221;full_width_section&#8221; top_padding=&#8221;0&#8243; bottom_padding=&#8221;0&#8243; top_margin=&#8221;0&#8243; bottom_margin=&#8221;0&#8243;][vc_column][vc_empty_space][vc_column_text] GASTRONOM\u00cdA La Filosof\u00eda de Tango Mar Es proveer servicio amigable, relajado y atento. El personal es seleccionado cuidadosamente y preparado para anticipar las necesidades de los hu\u00e9spedes. Cocina Gourmet Internacional y especialidades costarricenses son preparadas por chefs expertos. El desayuno y la cena se sirven en el<\/p>\n<a href=\"https:\/\/tangomar.proyectoscoralcr.com\/es\/restaurante\/\" class=\"more-link\">Read More<\/a>","protected":false},"author":5,"featured_media":0,"parent":0,"menu_order":0,"comment_status":"closed","ping_status":"closed","template":"","meta":{"_monsterinsights_skip_tracking":false,"_monsterinsights_sitenote_active":false,"_monsterinsights_sitenote_note":"","_monsterinsights_sitenote_category":0,"footnotes":""},"class_list":["post-1498","page","type-page","status-publish","hentry"],"yoast_head":"<!-- This site is optimized with the Yoast SEO plugin v27.4 - https:\/\/yoast.com\/product\/yoast-seo-wordpress\/ -->\n<title>Gastronom\u00eda - Tango Mar<\/title>\n<meta name=\"robots\" content=\"index, follow, max-snippet:-1, max-image-preview:large, max-video-preview:-1\" \/>\n<link rel=\"canonical\" href=\"https:\/\/tangomar.proyectoscoralcr.com\/es\/restaurante\/\" \/>\n<meta property=\"og:locale\" content=\"es_ES\" \/>\n<meta property=\"og:type\" content=\"article\" \/>\n<meta property=\"og:title\" content=\"Gastronom\u00eda - Tango Mar\" \/>\n<meta property=\"og:description\" content=\"[vc_row][vc_column][vc_empty_space][rev_slider_vc alias=&#8221;Dining2&#8243; el_class=&#8221;slider-responsive&#8221;][\/vc_column][\/vc_row][vc_row type=&#8221;full_width_section&#8221; top_padding=&#8221;0&#8243; bottom_padding=&#8221;0&#8243; top_margin=&#8221;0&#8243; bottom_margin=&#8221;0&#8243;][vc_column][vc_empty_space][vc_column_text] GASTRONOM\u00cdA La Filosof\u00eda de Tango Mar Es proveer servicio amigable, relajado y atento. El personal es seleccionado cuidadosamente y preparado para anticipar las necesidades de los hu\u00e9spedes. Cocina Gourmet Internacional y especialidades costarricenses son preparadas por chefs expertos. El desayuno y la cena se sirven en el\" \/>\n<meta property=\"og:url\" content=\"https:\/\/tangomar.proyectoscoralcr.com\/es\/restaurante\/\" \/>\n<meta property=\"og:site_name\" content=\"Tango Mar\" \/>\n<meta property=\"article:publisher\" content=\"https:\/\/www.facebook.com\/TangoMar\/\" \/>\n<meta property=\"article:modified_time\" content=\"2026-02-25T19:24:36+00:00\" \/>\n<meta property=\"og:image\" content=\"https:\/\/tangomar.proyectoscoralcr.com\/wp-content\/uploads\/2018\/04\/Cristobal-3-FILEminimizer.jpg\" \/>\n<meta name=\"twitter:card\" content=\"summary_large_image\" \/>\n<meta name=\"twitter:label1\" content=\"Tiempo de lectura\" \/>\n\t<meta name=\"twitter:data1\" content=\"2 minutos\" \/>\n<script type=\"application\/ld+json\" class=\"yoast-schema-graph\">{\"@context\":\"https:\\\/\\\/schema.org\",\"@graph\":[{\"@type\":\"WebPage\",\"@id\":\"https:\\\/\\\/tangomar.proyectoscoralcr.com\\\/es\\\/restaurante\\\/\",\"url\":\"https:\\\/\\\/tangomar.proyectoscoralcr.com\\\/es\\\/restaurante\\\/\",\"name\":\"Gastronom\u00eda - Tango Mar\",\"isPartOf\":{\"@id\":\"https:\\\/\\\/tangomar.proyectoscoralcr.com\\\/#website\"},\"datePublished\":\"2017-08-24T05:35:12+00:00\",\"dateModified\":\"2026-02-25T19:24:36+00:00\",\"breadcrumb\":{\"@id\":\"https:\\\/\\\/tangomar.proyectoscoralcr.com\\\/es\\\/restaurante\\\/#breadcrumb\"},\"inLanguage\":\"es\",\"potentialAction\":[{\"@type\":\"ReadAction\",\"target\":[\"https:\\\/\\\/tangomar.proyectoscoralcr.com\\\/es\\\/restaurante\\\/\"]}]},{\"@type\":\"BreadcrumbList\",\"@id\":\"https:\\\/\\\/tangomar.proyectoscoralcr.com\\\/es\\\/restaurante\\\/#breadcrumb\",\"itemListElement\":[{\"@type\":\"ListItem\",\"position\":1,\"name\":\"Home\",\"item\":\"https:\\\/\\\/tangomar.proyectoscoralcr.com\\\/es\\\/\"},{\"@type\":\"ListItem\",\"position\":2,\"name\":\"Gastronom\u00eda\"}]},{\"@type\":\"WebSite\",\"@id\":\"https:\\\/\\\/tangomar.proyectoscoralcr.com\\\/#website\",\"url\":\"https:\\\/\\\/tangomar.proyectoscoralcr.com\\\/\",\"name\":\"Tango Mar\",\"description\":\"Beach Front Resort, Costa Rica\",\"potentialAction\":[{\"@type\":\"SearchAction\",\"target\":{\"@type\":\"EntryPoint\",\"urlTemplate\":\"https:\\\/\\\/tangomar.proyectoscoralcr.com\\\/?s={search_term_string}\"},\"query-input\":{\"@type\":\"PropertyValueSpecification\",\"valueRequired\":true,\"valueName\":\"search_term_string\"}}],\"inLanguage\":\"es\"}]}<\/script>\n<!-- \/ Yoast SEO plugin. -->","yoast_head_json":{"title":"Gastronom\u00eda - Tango Mar","robots":{"index":"index","follow":"follow","max-snippet":"max-snippet:-1","max-image-preview":"max-image-preview:large","max-video-preview":"max-video-preview:-1"},"canonical":"https:\/\/tangomar.proyectoscoralcr.com\/es\/restaurante\/","og_locale":"es_ES","og_type":"article","og_title":"Gastronom\u00eda - Tango Mar","og_description":"[vc_row][vc_column][vc_empty_space][rev_slider_vc alias=&#8221;Dining2&#8243; el_class=&#8221;slider-responsive&#8221;][\/vc_column][\/vc_row][vc_row type=&#8221;full_width_section&#8221; top_padding=&#8221;0&#8243; bottom_padding=&#8221;0&#8243; top_margin=&#8221;0&#8243; bottom_margin=&#8221;0&#8243;][vc_column][vc_empty_space][vc_column_text] GASTRONOM\u00cdA La Filosof\u00eda de Tango Mar Es proveer servicio amigable, relajado y atento. El personal es seleccionado cuidadosamente y preparado para anticipar las necesidades de los hu\u00e9spedes. Cocina Gourmet Internacional y especialidades costarricenses son preparadas por chefs expertos. El desayuno y la cena se sirven en el","og_url":"https:\/\/tangomar.proyectoscoralcr.com\/es\/restaurante\/","og_site_name":"Tango Mar","article_publisher":"https:\/\/www.facebook.com\/TangoMar\/","article_modified_time":"2026-02-25T19:24:36+00:00","og_image":[{"url":"https:\/\/tangomar.proyectoscoralcr.com\/wp-content\/uploads\/2018\/04\/Cristobal-3-FILEminimizer.jpg","type":"","width":"","height":""}],"twitter_card":"summary_large_image","twitter_misc":{"Tiempo de lectura":"2 minutos"},"schema":{"@context":"https:\/\/schema.org","@graph":[{"@type":"WebPage","@id":"https:\/\/tangomar.proyectoscoralcr.com\/es\/restaurante\/","url":"https:\/\/tangomar.proyectoscoralcr.com\/es\/restaurante\/","name":"Gastronom\u00eda - Tango Mar","isPartOf":{"@id":"https:\/\/tangomar.proyectoscoralcr.com\/#website"},"datePublished":"2017-08-24T05:35:12+00:00","dateModified":"2026-02-25T19:24:36+00:00","breadcrumb":{"@id":"https:\/\/tangomar.proyectoscoralcr.com\/es\/restaurante\/#breadcrumb"},"inLanguage":"es","potentialAction":[{"@type":"ReadAction","target":["https:\/\/tangomar.proyectoscoralcr.com\/es\/restaurante\/"]}]},{"@type":"BreadcrumbList","@id":"https:\/\/tangomar.proyectoscoralcr.com\/es\/restaurante\/#breadcrumb","itemListElement":[{"@type":"ListItem","position":1,"name":"Home","item":"https:\/\/tangomar.proyectoscoralcr.com\/es\/"},{"@type":"ListItem","position":2,"name":"Gastronom\u00eda"}]},{"@type":"WebSite","@id":"https:\/\/tangomar.proyectoscoralcr.com\/#website","url":"https:\/\/tangomar.proyectoscoralcr.com\/","name":"Tango Mar","description":"Beach Front Resort, Costa Rica","potentialAction":[{"@type":"SearchAction","target":{"@type":"EntryPoint","urlTemplate":"https:\/\/tangomar.proyectoscoralcr.com\/?s={search_term_string}"},"query-input":{"@type":"PropertyValueSpecification","valueRequired":true,"valueName":"search_term_string"}}],"inLanguage":"es"}]}},"_links":{"self":[{"href":"https:\/\/tangomar.proyectoscoralcr.com\/es\/wp-json\/wp\/v2\/pages\/1498","targetHints":{"allow":["GET"]}}],"collection":[{"href":"https:\/\/tangomar.proyectoscoralcr.com\/es\/wp-json\/wp\/v2\/pages"}],"about":[{"href":"https:\/\/tangomar.proyectoscoralcr.com\/es\/wp-json\/wp\/v2\/types\/page"}],"author":[{"embeddable":true,"href":"https:\/\/tangomar.proyectoscoralcr.com\/es\/wp-json\/wp\/v2\/users\/5"}],"replies":[{"embeddable":true,"href":"https:\/\/tangomar.proyectoscoralcr.com\/es\/wp-json\/wp\/v2\/comments?post=1498"}],"version-history":[{"count":28,"href":"https:\/\/tangomar.proyectoscoralcr.com\/es\/wp-json\/wp\/v2\/pages\/1498\/revisions"}],"predecessor-version":[{"id":4962,"href":"https:\/\/tangomar.proyectoscoralcr.com\/es\/wp-json\/wp\/v2\/pages\/1498\/revisions\/4962"}],"wp:attachment":[{"href":"https:\/\/tangomar.proyectoscoralcr.com\/es\/wp-json\/wp\/v2\/media?parent=1498"}],"curies":[{"name":"wp","href":"https:\/\/api.w.org\/{rel}","templated":true}]}}