{"id":1479,"date":"2017-08-25T05:43:36","date_gmt":"2017-08-25T05:43:36","guid":{"rendered":"https:\/\/tangomar.proyectoscoralcr.com\/sobre-nosotros\/"},"modified":"2025-06-02T16:39:40","modified_gmt":"2025-06-02T16:39:40","slug":"sobre-nosotros","status":"publish","type":"page","link":"https:\/\/tangomar.proyectoscoralcr.com\/es\/sobre-nosotros\/","title":{"rendered":"Sobre Nosotros"},"content":{"rendered":"<p>[vc_row type=&#8221;full_width_section&#8221;][vc_column][vc_single_image image=&#8221;3751&#8243; img_size=&#8221;full&#8221; alignment=&#8221;center&#8221;][\/vc_column][\/vc_row][vc_row disable_element=&#8221;yes&#8221; type=&#8221;full_width_section&#8221; bg_image=&#8221;611&#8243;][vc_column][vc_empty_space height=&#8221;600&#8243;][\/vc_column][\/vc_row][vc_row][vc_column css_animation=&#8221;fadeInLeft&#8221; width=&#8221;1\/2&#8243;][vc_empty_space]<h3 class=\"center-title\">Sobre Nosotros<\/h3><div class=\"title-block-1\"><\/div>[vc_column_text css_animation=&#8221;fadeInUp&#8221;]Pause y considere el lugar percibido en su mente. Talvez es una visi\u00f3n de mar y cielo, fresca brillantez tropical tan intacta como un nuevo amanecer.<\/p>\n<p>Los visitantes vienen en b\u00fasqueda de abundante naturaleza, un Jard\u00edn del Ed\u00e9n, playas solitarias, bellos, espectaculares alrededores, un oasis de confort, ser activos, o ser relajados, sin tumultos, ajetreo ni bullicio.<\/p>\n<p>Lo visitantes vienen aqu\u00ed para descansar la vida cotidiana, para disfrutar de una pausa rom\u00e1ntica, para compartir con amigos y familiares, para celebrar una ocasi\u00f3n especial, aprender acerca de las maravillas de la naturaleza, para darle un nuevo impulso a su vida, y lo m\u00e1s importante, para relajarse y dejar ir.<\/p>\n<p>\u00a1Existe ese lugar! Para los descubridores del Nuevo Mundo, era, acertadamente, la \u201cCosta Rica\u201d. La descubrir\u00e1s y la llamar\u00e1s Costa Rica. Cualquier imagen que tengas de experimentar este lugar, Tango Mar es donde tus sue\u00f1os y deseos se unen.<\/p>\n<p>Ubicado en una reserva privada de 60 hect\u00e1reas bordeando la costa de la Pen\u00ednsula de Nicoya, Tango Mar ofrece la \u00edntima exclusividad de un peque\u00f1o resort en la playa en una extensa propiedad donde puede encontrar su propio lugar especial.<\/p>\n<p>Este es un lugar encantado, con un ambiente \u00fanico, su propio microclima, y condiciones favorables todo el a\u00f1o. Ex\u00f3ticos jardines y fino hospedaje se mezclan con la frondosa jungla y flora y fauna tropical para crear el balance perfecto de naturaleza y refinamiento.<\/p>\n<p>Aqu\u00ed encontrar\u00e1 una comunidad viva que late al ritmo de su entorno natural y el ir y venir de las olas del Pac\u00edfico quebrando constantemente.[\/vc_column_text][\/vc_column][vc_column width=&#8221;1\/2&#8243;][vc_empty_space][vc_empty_space][rev_slider_vc alias=&#8221;ABOUT&#8221; el_class=&#8221;slider-responsive&#8221;][vc_column_text css_animation=&#8221;fadeInUp&#8221;]Tango Mar es una exclusiva propiedad frente al mar de 60 hect\u00e1reas con una amplia oferta de actividades y alojamiento en su propiedad y en las zonas aleda\u00f1as. La combinaci\u00f3n de fino alojamiento y la exuberante vegetaci\u00f3n de la jungla, aves tropicales y emocionante vida silvestre hace que Tango Mar sea el refugio perfecto para cualquiera que quiera disfrutar del refinamiento en un entorno natural.<\/p>\n<p>La filosof\u00eda de Tango Mar es proveer servicio personalizado, amigable, relajado y atento. Los colaboradores son seleccionados cuidadosamente y preparados para anticipadar las necesidades de nuestros hu\u00e9spedes y exceder\u00e1n expectativas para crear una estad\u00eda inolvidable.[\/vc_column_text][\/vc_column][\/vc_row][vc_row][vc_column][vc_column_text css_animation=&#8221;fadeInUp&#8221;]<\/p>\n\n\t\t<div id='gallery-1' class='gallery galleryid-1479 gallery-columns-2 gallery-size-thumbnail'><div class='gallery-item'><div class='gallery-icon'><a href=\"https:\/\/tangomar.proyectoscoralcr.com\/wp-content\/uploads\/2018\/04\/Our-Beach-Quizales-Beach-FILEminimizer.jpg\" data-gal=\"prettyPhoto[gallery-1]\" title=\"Nuestra Playa, Playa Quizales\"><img decoding=\"async\" src=\"https:\/\/tangomar.proyectoscoralcr.com\/wp-content\/uploads\/2018\/04\/Our-Beach-Quizales-Beach-FILEminimizer.jpg\" alt=\"\" \/><\/a><\/div><\/div><div class='gallery-item'><div class='gallery-icon'><a href=\"https:\/\/tangomar.proyectoscoralcr.com\/wp-content\/uploads\/2018\/04\/Spa-1-FILEminimizer.jpg\" data-gal=\"prettyPhoto[gallery-1]\" title=\"Spa\"><img decoding=\"async\" src=\"https:\/\/tangomar.proyectoscoralcr.com\/wp-content\/uploads\/2018\/04\/Spa-1-FILEminimizer.jpg\" alt=\"\" \/><\/a><\/div><\/div><div class='gallery-item'><div class='gallery-icon'><a href=\"https:\/\/tangomar.proyectoscoralcr.com\/wp-content\/uploads\/2018\/04\/Lobby-7-FILEminimizer.jpg\" data-gal=\"prettyPhoto[gallery-1]\" title=\"Lobby\"><img decoding=\"async\" src=\"https:\/\/tangomar.proyectoscoralcr.com\/wp-content\/uploads\/2018\/04\/Lobby-7-FILEminimizer.jpg\" alt=\"\" \/><\/a><\/div><\/div><div class='gallery-item'><div class='gallery-icon'><a href=\"https:\/\/tangomar.proyectoscoralcr.com\/wp-content\/uploads\/2018\/04\/ISLA-TORTUGA7-FILEminimizer.jpg\" data-gal=\"prettyPhoto[gallery-1]\" title=\"Isla Tortuga\"><img decoding=\"async\" src=\"https:\/\/tangomar.proyectoscoralcr.com\/wp-content\/uploads\/2018\/04\/ISLA-TORTUGA7-FILEminimizer.jpg\" alt=\"\" \/><\/a><\/div><\/div>\n\t\t\t<br style='clear: both;' \/>\n\t\t<\/div>\n\n<p>[\/vc_column_text]<h4>Hotel Facilities<\/h4><div class=\"title-block-6\"><\/div>[vc_tta_tabs active_section=&#8221;1&#8243;][vc_tta_section title=&#8221;Quizales Sala de Reuniones&#8221; tab_id=&#8221;1497435236613-acf50bb0-3a9a&#8221;][vc_column_text]Esta sala de reuniones, ubicada a pocos pasos de la playa con hermosas vistas al oc\u00e9ano, se adapta a todo tipo de eventos: eventos sociales, bodas y reuniones corporativas. Su tama\u00f1o de 340 pies (105 m2) lo hace adaptable a m\u00faltiples configuraciones de asientos. Servicios WI-FI de alta velocidad y equipos de audio \/ video disponibles bajo petici\u00f3n.[\/vc_column_text][\/vc_tta_section][vc_tta_section title=&#8221; Spa&#8221; tab_id=&#8221;1497435236687-cc430116-c23e&#8221;][vc_column_text]Visite el Breeze Spa para establecer tratamientos que optimicen su salud y bienestar, como masajes, exfoliantes, tratamientos faciales y corporales. Adem\u00e1s, h\u00e1ganos saber si est\u00e1 interesado en el yoga y la meditaci\u00f3n dirigida para establecer una pr\u00e1ctica personalizada para usted.<\/p>\n<p>Visita la <a href=\"https:\/\/tangomar.proyectoscoralcr.com\/menu-de-spa-2\/?lang=es\">p\u00e1gina de spa<\/a> para visualizar un men\u00fa completo de servicios.[\/vc_column_text][\/vc_tta_section][vc_tta_section title=&#8221;Golf&#8221; tab_id=&#8221;1525628322926-b9e89b70-c9ff&#8221;][vc_column_text]Un escape natural para tus sentidos.[\/vc_column_text][vc_single_image image=&#8221;1647&#8243; onclick=&#8221;custom_link&#8221; link=&#8221;https:\/\/tangomar.proyectoscoralcr.com\/golf\/?lang=es&#8221;][vc_single_image image=&#8221;1542&#8243; onclick=&#8221;custom_link&#8221; link=&#8221;https:\/\/tangomar.proyectoscoralcr.com\/golf\/?lang=es&#8221;][\/vc_tta_section][vc_tta_section title=&#8221;Jard\u00edn Org\u00e1nico&#8221; tab_id=&#8221;1525628359010-0a410437-3537&#8243;][vc_column_text]Todos los productos que crecen en \u201cLa Huerta de la Abuela\u201d est\u00e1n libres de pesticidas y encontrar\u00e1 diferentes frutas y verduras seg\u00fan la temporada. Todos los productos cosechados se utilizan en las comidas de nuestros restaurantes, as\u00ed como para c\u00f3cteles reci\u00e9n hechos.[\/vc_column_text][rev_slider_vc alias=&#8221;GARDEN&#8221;][\/vc_tta_section][\/vc_tta_tabs][\/vc_column][\/vc_row][vc_row][vc_column][vc_empty_space height=&#8221;80px&#8221;][\/vc_column][\/vc_row]<\/p>\n","protected":false},"excerpt":{"rendered":"<p>[vc_row type=&#8221;full_width_section&#8221;][vc_column][vc_single_image image=&#8221;3751&#8243; img_size=&#8221;full&#8221; alignment=&#8221;center&#8221;][\/vc_column][\/vc_row][vc_row disable_element=&#8221;yes&#8221; type=&#8221;full_width_section&#8221; bg_image=&#8221;611&#8243;][vc_column][vc_empty_space height=&#8221;600&#8243;][\/vc_column][\/vc_row][vc_row][vc_column css_animation=&#8221;fadeInLeft&#8221; width=&#8221;1\/2&#8243;][vc_empty_space][vc_column_text css_animation=&#8221;fadeInUp&#8221;]Pause y considere el lugar percibido en su mente. Talvez es una visi\u00f3n de mar y cielo, fresca brillantez tropical tan intacta como un nuevo amanecer. Los visitantes vienen en b\u00fasqueda de abundante naturaleza, un Jard\u00edn del Ed\u00e9n, playas solitarias, bellos, espectaculares alrededores, un<\/p>\n<a href=\"https:\/\/tangomar.proyectoscoralcr.com\/es\/sobre-nosotros\/\" class=\"more-link\">Read More<\/a>","protected":false},"author":5,"featured_media":0,"parent":0,"menu_order":0,"comment_status":"closed","ping_status":"closed","template":"","meta":{"_monsterinsights_skip_tracking":false,"_monsterinsights_sitenote_active":false,"_monsterinsights_sitenote_note":"","_monsterinsights_sitenote_category":0,"footnotes":""},"class_list":["post-1479","page","type-page","status-publish","hentry"],"yoast_head":"<!-- This site is optimized with the Yoast SEO plugin v27.4 - https:\/\/yoast.com\/product\/yoast-seo-wordpress\/ -->\n<title>Sobre Nosotros - Tango Mar<\/title>\n<meta name=\"robots\" content=\"index, follow, max-snippet:-1, max-image-preview:large, max-video-preview:-1\" \/>\n<link rel=\"canonical\" href=\"https:\/\/tangomar.proyectoscoralcr.com\/es\/sobre-nosotros\/\" \/>\n<meta property=\"og:locale\" content=\"es_ES\" \/>\n<meta property=\"og:type\" content=\"article\" \/>\n<meta property=\"og:title\" content=\"Sobre Nosotros - Tango Mar\" \/>\n<meta property=\"og:description\" content=\"[vc_row type=&#8221;full_width_section&#8221;][vc_column][vc_single_image image=&#8221;3751&#8243; img_size=&#8221;full&#8221; alignment=&#8221;center&#8221;][\/vc_column][\/vc_row][vc_row disable_element=&#8221;yes&#8221; type=&#8221;full_width_section&#8221; bg_image=&#8221;611&#8243;][vc_column][vc_empty_space height=&#8221;600&#8243;][\/vc_column][\/vc_row][vc_row][vc_column css_animation=&#8221;fadeInLeft&#8221; width=&#8221;1\/2&#8243;][vc_empty_space][vc_column_text css_animation=&#8221;fadeInUp&#8221;]Pause y considere el lugar percibido en su mente. Talvez es una visi\u00f3n de mar y cielo, fresca brillantez tropical tan intacta como un nuevo amanecer. Los visitantes vienen en b\u00fasqueda de abundante naturaleza, un Jard\u00edn del Ed\u00e9n, playas solitarias, bellos, espectaculares alrededores, un\" \/>\n<meta property=\"og:url\" content=\"https:\/\/tangomar.proyectoscoralcr.com\/es\/sobre-nosotros\/\" \/>\n<meta property=\"og:site_name\" content=\"Tango Mar\" \/>\n<meta property=\"article:publisher\" content=\"https:\/\/www.facebook.com\/TangoMar\/\" \/>\n<meta property=\"article:modified_time\" content=\"2025-06-02T16:39:40+00:00\" \/>\n<meta name=\"twitter:card\" content=\"summary_large_image\" \/>\n<meta name=\"twitter:label1\" content=\"Tiempo de lectura\" \/>\n\t<meta name=\"twitter:data1\" content=\"3 minutos\" \/>\n<script type=\"application\/ld+json\" class=\"yoast-schema-graph\">{\"@context\":\"https:\\\/\\\/schema.org\",\"@graph\":[{\"@type\":\"WebPage\",\"@id\":\"https:\\\/\\\/tangomar.proyectoscoralcr.com\\\/es\\\/sobre-nosotros\\\/\",\"url\":\"https:\\\/\\\/tangomar.proyectoscoralcr.com\\\/es\\\/sobre-nosotros\\\/\",\"name\":\"Sobre Nosotros - Tango Mar\",\"isPartOf\":{\"@id\":\"https:\\\/\\\/tangomar.proyectoscoralcr.com\\\/#website\"},\"datePublished\":\"2017-08-25T05:43:36+00:00\",\"dateModified\":\"2025-06-02T16:39:40+00:00\",\"breadcrumb\":{\"@id\":\"https:\\\/\\\/tangomar.proyectoscoralcr.com\\\/es\\\/sobre-nosotros\\\/#breadcrumb\"},\"inLanguage\":\"es\",\"potentialAction\":[{\"@type\":\"ReadAction\",\"target\":[\"https:\\\/\\\/tangomar.proyectoscoralcr.com\\\/es\\\/sobre-nosotros\\\/\"]}]},{\"@type\":\"BreadcrumbList\",\"@id\":\"https:\\\/\\\/tangomar.proyectoscoralcr.com\\\/es\\\/sobre-nosotros\\\/#breadcrumb\",\"itemListElement\":[{\"@type\":\"ListItem\",\"position\":1,\"name\":\"Home\",\"item\":\"https:\\\/\\\/tangomar.proyectoscoralcr.com\\\/es\\\/\"},{\"@type\":\"ListItem\",\"position\":2,\"name\":\"Sobre Nosotros\"}]},{\"@type\":\"WebSite\",\"@id\":\"https:\\\/\\\/tangomar.proyectoscoralcr.com\\\/#website\",\"url\":\"https:\\\/\\\/tangomar.proyectoscoralcr.com\\\/\",\"name\":\"Tango Mar\",\"description\":\"Beach Front Resort, Costa Rica\",\"potentialAction\":[{\"@type\":\"SearchAction\",\"target\":{\"@type\":\"EntryPoint\",\"urlTemplate\":\"https:\\\/\\\/tangomar.proyectoscoralcr.com\\\/?s={search_term_string}\"},\"query-input\":{\"@type\":\"PropertyValueSpecification\",\"valueRequired\":true,\"valueName\":\"search_term_string\"}}],\"inLanguage\":\"es\"}]}<\/script>\n<!-- \/ Yoast SEO plugin. -->","yoast_head_json":{"title":"Sobre Nosotros - Tango Mar","robots":{"index":"index","follow":"follow","max-snippet":"max-snippet:-1","max-image-preview":"max-image-preview:large","max-video-preview":"max-video-preview:-1"},"canonical":"https:\/\/tangomar.proyectoscoralcr.com\/es\/sobre-nosotros\/","og_locale":"es_ES","og_type":"article","og_title":"Sobre Nosotros - Tango Mar","og_description":"[vc_row type=&#8221;full_width_section&#8221;][vc_column][vc_single_image image=&#8221;3751&#8243; img_size=&#8221;full&#8221; alignment=&#8221;center&#8221;][\/vc_column][\/vc_row][vc_row disable_element=&#8221;yes&#8221; type=&#8221;full_width_section&#8221; bg_image=&#8221;611&#8243;][vc_column][vc_empty_space height=&#8221;600&#8243;][\/vc_column][\/vc_row][vc_row][vc_column css_animation=&#8221;fadeInLeft&#8221; width=&#8221;1\/2&#8243;][vc_empty_space][vc_column_text css_animation=&#8221;fadeInUp&#8221;]Pause y considere el lugar percibido en su mente. Talvez es una visi\u00f3n de mar y cielo, fresca brillantez tropical tan intacta como un nuevo amanecer. Los visitantes vienen en b\u00fasqueda de abundante naturaleza, un Jard\u00edn del Ed\u00e9n, playas solitarias, bellos, espectaculares alrededores, un","og_url":"https:\/\/tangomar.proyectoscoralcr.com\/es\/sobre-nosotros\/","og_site_name":"Tango Mar","article_publisher":"https:\/\/www.facebook.com\/TangoMar\/","article_modified_time":"2025-06-02T16:39:40+00:00","twitter_card":"summary_large_image","twitter_misc":{"Tiempo de lectura":"3 minutos"},"schema":{"@context":"https:\/\/schema.org","@graph":[{"@type":"WebPage","@id":"https:\/\/tangomar.proyectoscoralcr.com\/es\/sobre-nosotros\/","url":"https:\/\/tangomar.proyectoscoralcr.com\/es\/sobre-nosotros\/","name":"Sobre Nosotros - Tango Mar","isPartOf":{"@id":"https:\/\/tangomar.proyectoscoralcr.com\/#website"},"datePublished":"2017-08-25T05:43:36+00:00","dateModified":"2025-06-02T16:39:40+00:00","breadcrumb":{"@id":"https:\/\/tangomar.proyectoscoralcr.com\/es\/sobre-nosotros\/#breadcrumb"},"inLanguage":"es","potentialAction":[{"@type":"ReadAction","target":["https:\/\/tangomar.proyectoscoralcr.com\/es\/sobre-nosotros\/"]}]},{"@type":"BreadcrumbList","@id":"https:\/\/tangomar.proyectoscoralcr.com\/es\/sobre-nosotros\/#breadcrumb","itemListElement":[{"@type":"ListItem","position":1,"name":"Home","item":"https:\/\/tangomar.proyectoscoralcr.com\/es\/"},{"@type":"ListItem","position":2,"name":"Sobre Nosotros"}]},{"@type":"WebSite","@id":"https:\/\/tangomar.proyectoscoralcr.com\/#website","url":"https:\/\/tangomar.proyectoscoralcr.com\/","name":"Tango Mar","description":"Beach Front Resort, Costa Rica","potentialAction":[{"@type":"SearchAction","target":{"@type":"EntryPoint","urlTemplate":"https:\/\/tangomar.proyectoscoralcr.com\/?s={search_term_string}"},"query-input":{"@type":"PropertyValueSpecification","valueRequired":true,"valueName":"search_term_string"}}],"inLanguage":"es"}]}},"_links":{"self":[{"href":"https:\/\/tangomar.proyectoscoralcr.com\/es\/wp-json\/wp\/v2\/pages\/1479","targetHints":{"allow":["GET"]}}],"collection":[{"href":"https:\/\/tangomar.proyectoscoralcr.com\/es\/wp-json\/wp\/v2\/pages"}],"about":[{"href":"https:\/\/tangomar.proyectoscoralcr.com\/es\/wp-json\/wp\/v2\/types\/page"}],"author":[{"embeddable":true,"href":"https:\/\/tangomar.proyectoscoralcr.com\/es\/wp-json\/wp\/v2\/users\/5"}],"replies":[{"embeddable":true,"href":"https:\/\/tangomar.proyectoscoralcr.com\/es\/wp-json\/wp\/v2\/comments?post=1479"}],"version-history":[{"count":14,"href":"https:\/\/tangomar.proyectoscoralcr.com\/es\/wp-json\/wp\/v2\/pages\/1479\/revisions"}],"predecessor-version":[{"id":4824,"href":"https:\/\/tangomar.proyectoscoralcr.com\/es\/wp-json\/wp\/v2\/pages\/1479\/revisions\/4824"}],"wp:attachment":[{"href":"https:\/\/tangomar.proyectoscoralcr.com\/es\/wp-json\/wp\/v2\/media?parent=1479"}],"curies":[{"name":"wp","href":"https:\/\/api.w.org\/{rel}","templated":true}]}}